{"id":4028,"date":"2024-01-04T14:54:35","date_gmt":"2024-01-04T13:54:35","guid":{"rendered":"https:\/\/www.vasavind.se\/tietoa-meista\/tyoymparisto\/"},"modified":"2024-03-22T16:09:56","modified_gmt":"2024-03-22T15:09:56","slug":"tyoymparisto","status":"publish","type":"page","link":"https:\/\/www.vasavind.se\/fi\/tietoa-meista\/tyoymparisto\/","title":{"rendered":"Ty\u00f6ymp\u00e4rist\u00f6"},"content":{"rendered":"\t\t<div data-elementor-type=\"wp-page\" data-elementor-id=\"4028\" class=\"elementor elementor-4028 elementor-3605\" data-elementor-post-type=\"page\">\n\t\t\t\t\t\t<section class=\"elementor-section elementor-top-section elementor-element elementor-element-03f37d3 elementor-section-height-min-height elementor-section-boxed elementor-section-height-default elementor-section-items-middle\" data-id=\"03f37d3\" data-element_type=\"section\" data-e-type=\"section\" data-settings=\"{&quot;background_background&quot;:&quot;classic&quot;}\">\n\t\t\t\t\t\t\t<div class=\"elementor-background-overlay\"><\/div>\n\t\t\t\t\t\t\t<div class=\"elementor-container elementor-column-gap-wider\">\n\t\t\t\t\t<div class=\"elementor-column elementor-col-100 elementor-top-column elementor-element elementor-element-166c7fb\" data-id=\"166c7fb\" data-element_type=\"column\" data-e-type=\"column\">\n\t\t\t<div class=\"elementor-widget-wrap elementor-element-populated\">\n\t\t\t\t\t\t<div class=\"elementor-element elementor-element-675822e elementor-widget elementor-widget-heading\" data-id=\"675822e\" data-element_type=\"widget\" data-e-type=\"widget\" data-widget_type=\"heading.default\">\n\t\t\t\t<div class=\"elementor-widget-container\">\n\t\t\t\t\t<h1 class=\"elementor-heading-title elementor-size-default\">Ty\u00f6ymp\u00e4rist\u00f6<\/h1>\t\t\t\t<\/div>\n\t\t\t\t<\/div>\n\t\t\t\t\t<\/div>\n\t\t<\/div>\n\t\t\t\t\t<\/div>\n\t\t<\/section>\n\t\t\t\t<section class=\"elementor-section elementor-top-section elementor-element elementor-element-3acbea9 elementor-section-boxed elementor-section-height-default elementor-section-height-default\" data-id=\"3acbea9\" data-element_type=\"section\" data-e-type=\"section\">\n\t\t\t\t\t\t<div class=\"elementor-container elementor-column-gap-wider\">\n\t\t\t\t\t<div class=\"elementor-column elementor-col-50 elementor-top-column elementor-element elementor-element-fd94534\" data-id=\"fd94534\" data-element_type=\"column\" data-e-type=\"column\">\n\t\t\t<div class=\"elementor-widget-wrap elementor-element-populated\">\n\t\t\t\t\t\t<div class=\"elementor-element elementor-element-7408d3d elementor-widget elementor-widget-heading\" data-id=\"7408d3d\" data-element_type=\"widget\" data-e-type=\"widget\" data-widget_type=\"heading.default\">\n\t\t\t\t<div class=\"elementor-widget-container\">\n\t\t\t\t\t<h2 class=\"elementor-heading-title elementor-size-default\">Ty\u00f6suojelu<\/h2>\t\t\t\t<\/div>\n\t\t\t\t<\/div>\n\t\t\t\t<div class=\"elementor-element elementor-element-ade1397 elementor-widget elementor-widget-text-editor\" data-id=\"ade1397\" data-element_type=\"widget\" data-e-type=\"widget\" data-widget_type=\"text-editor.default\">\n\t\t\t\t<div class=\"elementor-widget-container\">\n\t\t\t\t\t\t\t\t\t<p>Vasa Vind kehitt\u00e4\u00e4, rakentaa ja hallinnoi tuulivoimaloita Ruotsissa. Vasa Vindin ty\u00f6ntekij\u00f6iden omien teht\u00e4vien lis\u00e4ksi merkitt\u00e4v\u00e4 osa liiketoiminnasta koostuu tarvittavien alihankkijoiden kilpailutuksesta, hallinnoinnista ja sopimuksista.<\/p>\n<p>Koska tuulivoimatoimintaan liittyy useita mahdollisesti eritt\u00e4in vakavia vaaroja ja riskej\u00e4, Vaasa Vindin t\u00e4rkein prioriteetti on turvallisen ty\u00f6ymp\u00e4rist\u00f6n tarjoaminen ty\u00f6ntekij\u00f6ille, alihankkijoille ja muille osapuolille.\u00a0Siksi kehit\u00e4mme jatkuvasti ty\u00f6suojeluty\u00f6t\u00e4mme.<\/p>\n<p>Vasa Vindill\u00e4 on ISO 45001 -sertifiointi, jonka viitoittamaan ty\u00f6terveys- ja ty\u00f6turvallisuusj\u00e4rjestelm\u00e4\u00e4n j\u00e4rjestelm\u00e4llinen ty\u00f6suojeluty\u00f6mme perustuu.\u00a0<\/p>\n\t\t\t\t\t\t\t\t<\/div>\n\t\t\t\t<\/div>\n\t\t\t\t\t<\/div>\n\t\t<\/div>\n\t\t\t\t<div class=\"elementor-column elementor-col-50 elementor-top-column elementor-element elementor-element-85221a4\" data-id=\"85221a4\" data-element_type=\"column\" data-e-type=\"column\">\n\t\t\t<div class=\"elementor-widget-wrap elementor-element-populated\">\n\t\t\t\t\t\t<div class=\"elementor-element elementor-element-5acea76 elementor-widget elementor-widget-image\" data-id=\"5acea76\" data-element_type=\"widget\" data-e-type=\"widget\" data-widget_type=\"image.default\">\n\t\t\t\t<div class=\"elementor-widget-container\">\n\t\t\t\t\t\t\t\t\t\t\t\t\t\t\t<img fetchpriority=\"high\" decoding=\"async\" width=\"591\" height=\"709\" src=\"https:\/\/www.vasavind.se\/wp-content\/uploads\/2024\/01\/SafetySysCert_ISO45001_col.png\" class=\"attachment-large size-large wp-image-3615\" alt=\"\" srcset=\"https:\/\/www.vasavind.se\/wp-content\/uploads\/2024\/01\/SafetySysCert_ISO45001_col.png 591w, https:\/\/www.vasavind.se\/wp-content\/uploads\/2024\/01\/SafetySysCert_ISO45001_col-250x300.png 250w\" sizes=\"(max-width: 591px) 100vw, 591px\" \/>\t\t\t\t\t\t\t\t\t\t\t\t\t\t\t<\/div>\n\t\t\t\t<\/div>\n\t\t\t\t\t<\/div>\n\t\t<\/div>\n\t\t\t\t\t<\/div>\n\t\t<\/section>\n\t\t\t\t<section class=\"elementor-section elementor-top-section elementor-element elementor-element-80e6bef elementor-section-boxed elementor-section-height-default elementor-section-height-default\" data-id=\"80e6bef\" data-element_type=\"section\" data-e-type=\"section\">\n\t\t\t\t\t\t<div class=\"elementor-container elementor-column-gap-wider\">\n\t\t\t\t\t<div class=\"elementor-column elementor-col-50 elementor-top-column elementor-element elementor-element-a6b3e56\" data-id=\"a6b3e56\" data-element_type=\"column\" data-e-type=\"column\">\n\t\t\t<div class=\"elementor-widget-wrap elementor-element-populated\">\n\t\t\t\t\t\t<div class=\"elementor-element elementor-element-d91ca60 elementor-widget elementor-widget-heading\" data-id=\"d91ca60\" data-element_type=\"widget\" data-e-type=\"widget\" data-widget_type=\"heading.default\">\n\t\t\t\t<div class=\"elementor-widget-container\">\n\t\t\t\t\t<h2 class=\"elementor-heading-title elementor-size-default\">Ty\u00f6suojeluperiaatteet<\/h2>\t\t\t\t<\/div>\n\t\t\t\t<\/div>\n\t\t\t\t<div class=\"elementor-element elementor-element-e4ee620 elementor-widget elementor-widget-text-editor\" data-id=\"e4ee620\" data-element_type=\"widget\" data-e-type=\"widget\" data-widget_type=\"text-editor.default\">\n\t\t\t\t<div class=\"elementor-widget-container\">\n\t\t\t\t\t\t\t\t\t<p><span style=\"color: var( --e-global-color-text ); font-family: var( --e-global-typography-text-font-family ), Sans-serif; font-weight: var( --e-global-typography-text-font-weight );\">Vasa Vind pyrkii jatkuvasti kehitt\u00e4m\u00e4\u00e4n ty\u00f6suojeluty\u00f6t\u00e4\u00e4n ja johtamisj\u00e4rjestelm\u00e4\u00e4ns\u00e4 tapaturmien, vammojen ja ty\u00f6per\u00e4isten sairauspoissaolojen ehk\u00e4isemiseksi. Keskeisen\u00e4 v\u00e4lineen\u00e4 t\u00e4ss\u00e4 ty\u00f6ss\u00e4 toimivat konkreettiset ja mitattavat ty\u00f6suojelutavoitteet, joiden kantavana periaatteena on pyrkimys parempaan ty\u00f6h\u00f6n joka p\u00e4iv\u00e4.<\/span><\/p>\n<p>Seuraavat periaatteet auttavat meit\u00e4 tavoitteiden saavuttamisessa ja p\u00e4\u00e4t\u00f6sten tekemisess\u00e4:<\/p>\n\t\t\t\t\t\t\t\t<\/div>\n\t\t\t\t<\/div>\n\t\t\t\t<div class=\"elementor-element elementor-element-d20915d elementor-widget elementor-widget-heading\" data-id=\"d20915d\" data-element_type=\"widget\" data-e-type=\"widget\" data-widget_type=\"heading.default\">\n\t\t\t\t<div class=\"elementor-widget-container\">\n\t\t\t\t\t<h4 class=\"elementor-heading-title elementor-size-default\">Turvallisuus on meille kaikkein t\u00e4rkeint\u00e4.<\/h4>\t\t\t\t<\/div>\n\t\t\t\t<\/div>\n\t\t\t\t<div class=\"elementor-element elementor-element-ef1d21b elementor-widget elementor-widget-text-editor\" data-id=\"ef1d21b\" data-element_type=\"widget\" data-e-type=\"widget\" data-widget_type=\"text-editor.default\">\n\t\t\t\t<div class=\"elementor-widget-container\">\n\t\t\t\t\t\t\t\t\t<ul>\n<li>Turvalliset ja terveelliset ty\u00f6olosuhteet ovat meille ensisijainen tavoite.<\/li>\n<li>Ty\u00f6skentelemme j\u00e4rjestelm\u00e4llisesti vaarojen ja ty\u00f6per\u00e4isten riskien v\u00e4hent\u00e4miseksi.<\/li>\n<li>Noudatamme sovellettavaa lains\u00e4\u00e4d\u00e4nt\u00f6\u00e4 ja muita vaatimuksia, mutta pyrimme aina ylitt\u00e4m\u00e4\u00e4n ne.<\/li>\n<\/ul>\n\t\t\t\t\t\t\t\t<\/div>\n\t\t\t\t<\/div>\n\t\t\t\t<div class=\"elementor-element elementor-element-efe6bba elementor-widget elementor-widget-heading\" data-id=\"efe6bba\" data-element_type=\"widget\" data-e-type=\"widget\" data-widget_type=\"heading.default\">\n\t\t\t\t<div class=\"elementor-widget-container\">\n\t\t\t\t\t<h4 class=\"elementor-heading-title elementor-size-default\">Toimimme rohkeasti ja rehellisesti.<\/h4>\t\t\t\t<\/div>\n\t\t\t\t<\/div>\n\t\t\t\t<div class=\"elementor-element elementor-element-b809457 elementor-widget elementor-widget-text-editor\" data-id=\"b809457\" data-element_type=\"widget\" data-e-type=\"widget\" data-widget_type=\"text-editor.default\">\n\t\t\t\t<div class=\"elementor-widget-container\">\n\t\t\t\t\t\t\t\t\t<ul>\n<li>Uskomme, ett\u00e4 jokaisella ty\u00f6ntekij\u00e4ll\u00e4 on oikeus ja velvollisuus saada \u00e4\u00e4nens\u00e4 kuuluviin ja lopettaa vaaralliseksi kokemansa ty\u00f6n tekeminen.<\/li>\n<li>Tunnistamme ty\u00f6per\u00e4isten sairauksien merkit itsess\u00e4mme, ty\u00f6tovereissamme ja muissa osapuolissa ja tiedotamme niist\u00e4 sidosryhmillemme.<\/li>\n<li>Otamme vastuun siit\u00e4, miten oma k\u00e4ytt\u00e4ytymisemme vaikuttaa omaan ja muiden ty\u00f6ymp\u00e4rist\u00f6\u00f6n.<\/li>\n<\/ul>\n\t\t\t\t\t\t\t\t<\/div>\n\t\t\t\t<\/div>\n\t\t\t\t<div class=\"elementor-element elementor-element-17f6b08 elementor-widget elementor-widget-heading\" data-id=\"17f6b08\" data-element_type=\"widget\" data-e-type=\"widget\" data-widget_type=\"heading.default\">\n\t\t\t\t<div class=\"elementor-widget-container\">\n\t\t\t\t\t<h4 class=\"elementor-heading-title elementor-size-default\">Ty\u00f6skentelemme yhdess\u00e4.<\/h4>\t\t\t\t<\/div>\n\t\t\t\t<\/div>\n\t\t\t\t<div class=\"elementor-element elementor-element-8b77cc4 elementor-widget elementor-widget-text-editor\" data-id=\"8b77cc4\" data-element_type=\"widget\" data-e-type=\"widget\" data-widget_type=\"text-editor.default\">\n\t\t\t\t<div class=\"elementor-widget-container\">\n\t\t\t\t\t\t\t\t\t<ul>\n<li>Ty\u00f6suojeluty\u00f6mme toteutetaan tiiviiss\u00e4 yhteisty\u00f6ss\u00e4 ty\u00f6ntekij\u00f6iden ja muiden osapuolien kanssa.<\/li>\n<li>Tied\u00e4mme, ett\u00e4 vahvuus piilee tiimity\u00f6ss\u00e4, ja pyrimme lis\u00e4\u00e4m\u00e4\u00e4n ty\u00f6ntekij\u00f6idemme monimuotoisuutta. Suhtaudumme nollatoleranssilla kaikenlaiseen syrjint\u00e4\u00e4n ja h\u00e4irint\u00e4\u00e4n.<\/li>\n<li>Kaikkia ty\u00f6ntekij\u00f6it\u00e4 kannustetaan aktiivisesti ottamaan yhteytt\u00e4 johtoon Vasa Vindin ty\u00f6suojelussa havaituista puutteista tai parannusmahdollisuuksista.<\/li>\n<\/ul>\n\t\t\t\t\t\t\t\t<\/div>\n\t\t\t\t<\/div>\n\t\t\t\t\t<\/div>\n\t\t<\/div>\n\t\t\t\t<div class=\"elementor-column elementor-col-50 elementor-top-column elementor-element elementor-element-86edaa3\" data-id=\"86edaa3\" data-element_type=\"column\" data-e-type=\"column\">\n\t\t\t<div class=\"elementor-widget-wrap\">\n\t\t\t\t\t\t\t<\/div>\n\t\t<\/div>\n\t\t\t\t\t<\/div>\n\t\t<\/section>\n\t\t\t\t<\/div>\n\t\t","protected":false},"excerpt":{"rendered":"<p>Ty\u00f6suojelu Vasa Vind kehitt\u00e4\u00e4, rakentaa ja hallinnoi tuulivoimaloita Ruotsissa. Vasa Vindin ty\u00f6ntekij\u00f6iden omien teht\u00e4vien lis\u00e4ksi merkitt\u00e4v\u00e4 osa liiketoiminnasta koostuu tarvittavien alihankkijoiden kilpailutuksesta, hallinnoinnista ja sopimuksista. Koska tuulivoimatoimintaan liittyy useita mahdollisesti eritt\u00e4in vakavia vaaroja ja riskej\u00e4, Vaasa Vindin t\u00e4rkein prioriteetti on turvallisen ty\u00f6ymp\u00e4rist\u00f6n tarjoaminen ty\u00f6ntekij\u00f6ille, alihankkijoille ja muille osapuolille.\u00a0Siksi kehit\u00e4mme jatkuvasti ty\u00f6suojeluty\u00f6t\u00e4mme. Vasa Vindill\u00e4 on ISO [&hellip;]<\/p>\n","protected":false},"author":3,"featured_media":3643,"parent":1961,"menu_order":0,"comment_status":"closed","ping_status":"closed","template":"","meta":{"_acf_changed":false,"footnotes":""},"class_list":["post-4028","page","type-page","status-publish","has-post-thumbnail","hentry"],"acf":[],"yoast_head":"<!-- This site is optimized with the Yoast SEO plugin v27.3 - https:\/\/yoast.com\/product\/yoast-seo-wordpress\/ -->\n<title>Ty\u00f6ymp\u00e4rist\u00f6 - Vasa Vind<\/title>\n<meta name=\"robots\" content=\"index, follow, max-snippet:-1, max-image-preview:large, max-video-preview:-1\" \/>\n<link rel=\"canonical\" href=\"https:\/\/www.vasavind.se\/om-oss\/arbetsmiljo\/\" \/>\n<meta property=\"og:locale\" content=\"fi_FI\" \/>\n<meta property=\"og:type\" content=\"article\" \/>\n<meta property=\"og:title\" content=\"Ty\u00f6ymp\u00e4rist\u00f6 - Vasa Vind\" \/>\n<meta property=\"og:description\" content=\"Ty\u00f6suojelu Vasa Vind kehitt\u00e4\u00e4, rakentaa ja hallinnoi tuulivoimaloita Ruotsissa. Vasa Vindin ty\u00f6ntekij\u00f6iden omien teht\u00e4vien lis\u00e4ksi merkitt\u00e4v\u00e4 osa liiketoiminnasta koostuu tarvittavien alihankkijoiden kilpailutuksesta, hallinnoinnista ja sopimuksista. Koska tuulivoimatoimintaan liittyy useita mahdollisesti eritt\u00e4in vakavia vaaroja ja riskej\u00e4, Vaasa Vindin t\u00e4rkein prioriteetti on turvallisen ty\u00f6ymp\u00e4rist\u00f6n tarjoaminen ty\u00f6ntekij\u00f6ille, alihankkijoille ja muille osapuolille.\u00a0Siksi kehit\u00e4mme jatkuvasti ty\u00f6suojeluty\u00f6t\u00e4mme. Vasa Vindill\u00e4 on ISO [&hellip;]\" \/>\n<meta property=\"og:url\" content=\"https:\/\/www.vasavind.se\/om-oss\/arbetsmiljo\/\" \/>\n<meta property=\"og:site_name\" content=\"Vasa Vind\" \/>\n<meta property=\"article:modified_time\" content=\"2024-03-22T15:09:56+00:00\" \/>\n<meta property=\"og:image\" content=\"https:\/\/www.vasavind.se\/wp-content\/uploads\/2024\/01\/DSC08347-scaled.jpg\" \/>\n\t<meta property=\"og:image:width\" content=\"2560\" \/>\n\t<meta property=\"og:image:height\" content=\"1707\" \/>\n\t<meta property=\"og:image:type\" content=\"image\/jpeg\" \/>\n<meta name=\"twitter:card\" content=\"summary_large_image\" \/>\n<meta name=\"twitter:label1\" content=\"Arvioitu lukuaika\" \/>\n\t<meta name=\"twitter:data1\" content=\"2 minuuttia\" \/>\n<script type=\"application\/ld+json\" class=\"yoast-schema-graph\">{\"@context\":\"https:\\\/\\\/schema.org\",\"@graph\":[{\"@type\":\"WebPage\",\"@id\":\"https:\\\/\\\/www.vasavind.se\\\/om-oss\\\/arbetsmiljo\\\/\",\"url\":\"https:\\\/\\\/www.vasavind.se\\\/om-oss\\\/arbetsmiljo\\\/\",\"name\":\"Ty\u00f6ymp\u00e4rist\u00f6 - Vasa Vind\",\"isPartOf\":{\"@id\":\"https:\\\/\\\/www.vasavind.se\\\/#website\"},\"primaryImageOfPage\":{\"@id\":\"https:\\\/\\\/www.vasavind.se\\\/om-oss\\\/arbetsmiljo\\\/#primaryimage\"},\"image\":{\"@id\":\"https:\\\/\\\/www.vasavind.se\\\/om-oss\\\/arbetsmiljo\\\/#primaryimage\"},\"thumbnailUrl\":\"https:\\\/\\\/www.vasavind.se\\\/wp-content\\\/uploads\\\/2024\\\/01\\\/DSC08347-scaled.jpg\",\"datePublished\":\"2024-01-04T13:54:35+00:00\",\"dateModified\":\"2024-03-22T15:09:56+00:00\",\"breadcrumb\":{\"@id\":\"https:\\\/\\\/www.vasavind.se\\\/om-oss\\\/arbetsmiljo\\\/#breadcrumb\"},\"inLanguage\":\"fi\",\"potentialAction\":[{\"@type\":\"ReadAction\",\"target\":[\"https:\\\/\\\/www.vasavind.se\\\/om-oss\\\/arbetsmiljo\\\/\"]}]},{\"@type\":\"ImageObject\",\"inLanguage\":\"fi\",\"@id\":\"https:\\\/\\\/www.vasavind.se\\\/om-oss\\\/arbetsmiljo\\\/#primaryimage\",\"url\":\"https:\\\/\\\/www.vasavind.se\\\/wp-content\\\/uploads\\\/2024\\\/01\\\/DSC08347-scaled.jpg\",\"contentUrl\":\"https:\\\/\\\/www.vasavind.se\\\/wp-content\\\/uploads\\\/2024\\\/01\\\/DSC08347-scaled.jpg\",\"width\":2560,\"height\":1707,\"caption\":\"vindkraftstekniker\"},{\"@type\":\"BreadcrumbList\",\"@id\":\"https:\\\/\\\/www.vasavind.se\\\/om-oss\\\/arbetsmiljo\\\/#breadcrumb\",\"itemListElement\":[{\"@type\":\"ListItem\",\"position\":1,\"name\":\"Hem\",\"item\":\"https:\\\/\\\/www.vasavind.se\\\/\"},{\"@type\":\"ListItem\",\"position\":2,\"name\":\"Tietoa meist\u00e4\",\"item\":\"https:\\\/\\\/www.vasavind.se\\\/om-oss\\\/\"},{\"@type\":\"ListItem\",\"position\":3,\"name\":\"Ty\u00f6ymp\u00e4rist\u00f6\"}]},{\"@type\":\"WebSite\",\"@id\":\"https:\\\/\\\/www.vasavind.se\\\/#website\",\"url\":\"https:\\\/\\\/www.vasavind.se\\\/\",\"name\":\"Vasa Vind\",\"description\":\"F\u00f6rnybar energi f\u00f6r en h\u00e5llbar framtid\",\"publisher\":{\"@id\":\"https:\\\/\\\/www.vasavind.se\\\/#organization\"},\"potentialAction\":[{\"@type\":\"SearchAction\",\"target\":{\"@type\":\"EntryPoint\",\"urlTemplate\":\"https:\\\/\\\/www.vasavind.se\\\/?s={search_term_string}\"},\"query-input\":{\"@type\":\"PropertyValueSpecification\",\"valueRequired\":true,\"valueName\":\"search_term_string\"}}],\"inLanguage\":\"fi\"},{\"@type\":\"Organization\",\"@id\":\"https:\\\/\\\/www.vasavind.se\\\/#organization\",\"name\":\"Vasa Vind\",\"url\":\"https:\\\/\\\/www.vasavind.se\\\/\",\"logo\":{\"@type\":\"ImageObject\",\"inLanguage\":\"fi\",\"@id\":\"https:\\\/\\\/www.vasavind.se\\\/#\\\/schema\\\/logo\\\/image\\\/\",\"url\":\"https:\\\/\\\/www.vasavind.se\\\/wp-content\\\/uploads\\\/2023\\\/09\\\/vasavind.png\",\"contentUrl\":\"https:\\\/\\\/www.vasavind.se\\\/wp-content\\\/uploads\\\/2023\\\/09\\\/vasavind.png\",\"width\":1063,\"height\":368,\"caption\":\"Vasa Vind\"},\"image\":{\"@id\":\"https:\\\/\\\/www.vasavind.se\\\/#\\\/schema\\\/logo\\\/image\\\/\"}}]}<\/script>\n<!-- \/ Yoast SEO plugin. -->","yoast_head_json":{"title":"Ty\u00f6ymp\u00e4rist\u00f6 - Vasa Vind","robots":{"index":"index","follow":"follow","max-snippet":"max-snippet:-1","max-image-preview":"max-image-preview:large","max-video-preview":"max-video-preview:-1"},"canonical":"https:\/\/www.vasavind.se\/om-oss\/arbetsmiljo\/","og_locale":"fi_FI","og_type":"article","og_title":"Ty\u00f6ymp\u00e4rist\u00f6 - Vasa Vind","og_description":"Ty\u00f6suojelu Vasa Vind kehitt\u00e4\u00e4, rakentaa ja hallinnoi tuulivoimaloita Ruotsissa. Vasa Vindin ty\u00f6ntekij\u00f6iden omien teht\u00e4vien lis\u00e4ksi merkitt\u00e4v\u00e4 osa liiketoiminnasta koostuu tarvittavien alihankkijoiden kilpailutuksesta, hallinnoinnista ja sopimuksista. Koska tuulivoimatoimintaan liittyy useita mahdollisesti eritt\u00e4in vakavia vaaroja ja riskej\u00e4, Vaasa Vindin t\u00e4rkein prioriteetti on turvallisen ty\u00f6ymp\u00e4rist\u00f6n tarjoaminen ty\u00f6ntekij\u00f6ille, alihankkijoille ja muille osapuolille.\u00a0Siksi kehit\u00e4mme jatkuvasti ty\u00f6suojeluty\u00f6t\u00e4mme. Vasa Vindill\u00e4 on ISO [&hellip;]","og_url":"https:\/\/www.vasavind.se\/om-oss\/arbetsmiljo\/","og_site_name":"Vasa Vind","article_modified_time":"2024-03-22T15:09:56+00:00","og_image":[{"width":2560,"height":1707,"url":"https:\/\/www.vasavind.se\/wp-content\/uploads\/2024\/01\/DSC08347-scaled.jpg","type":"image\/jpeg"}],"twitter_card":"summary_large_image","twitter_misc":{"Arvioitu lukuaika":"2 minuuttia"},"schema":{"@context":"https:\/\/schema.org","@graph":[{"@type":"WebPage","@id":"https:\/\/www.vasavind.se\/om-oss\/arbetsmiljo\/","url":"https:\/\/www.vasavind.se\/om-oss\/arbetsmiljo\/","name":"Ty\u00f6ymp\u00e4rist\u00f6 - Vasa Vind","isPartOf":{"@id":"https:\/\/www.vasavind.se\/#website"},"primaryImageOfPage":{"@id":"https:\/\/www.vasavind.se\/om-oss\/arbetsmiljo\/#primaryimage"},"image":{"@id":"https:\/\/www.vasavind.se\/om-oss\/arbetsmiljo\/#primaryimage"},"thumbnailUrl":"https:\/\/www.vasavind.se\/wp-content\/uploads\/2024\/01\/DSC08347-scaled.jpg","datePublished":"2024-01-04T13:54:35+00:00","dateModified":"2024-03-22T15:09:56+00:00","breadcrumb":{"@id":"https:\/\/www.vasavind.se\/om-oss\/arbetsmiljo\/#breadcrumb"},"inLanguage":"fi","potentialAction":[{"@type":"ReadAction","target":["https:\/\/www.vasavind.se\/om-oss\/arbetsmiljo\/"]}]},{"@type":"ImageObject","inLanguage":"fi","@id":"https:\/\/www.vasavind.se\/om-oss\/arbetsmiljo\/#primaryimage","url":"https:\/\/www.vasavind.se\/wp-content\/uploads\/2024\/01\/DSC08347-scaled.jpg","contentUrl":"https:\/\/www.vasavind.se\/wp-content\/uploads\/2024\/01\/DSC08347-scaled.jpg","width":2560,"height":1707,"caption":"vindkraftstekniker"},{"@type":"BreadcrumbList","@id":"https:\/\/www.vasavind.se\/om-oss\/arbetsmiljo\/#breadcrumb","itemListElement":[{"@type":"ListItem","position":1,"name":"Hem","item":"https:\/\/www.vasavind.se\/"},{"@type":"ListItem","position":2,"name":"Tietoa meist\u00e4","item":"https:\/\/www.vasavind.se\/om-oss\/"},{"@type":"ListItem","position":3,"name":"Ty\u00f6ymp\u00e4rist\u00f6"}]},{"@type":"WebSite","@id":"https:\/\/www.vasavind.se\/#website","url":"https:\/\/www.vasavind.se\/","name":"Vasa Vind","description":"F\u00f6rnybar energi f\u00f6r en h\u00e5llbar framtid","publisher":{"@id":"https:\/\/www.vasavind.se\/#organization"},"potentialAction":[{"@type":"SearchAction","target":{"@type":"EntryPoint","urlTemplate":"https:\/\/www.vasavind.se\/?s={search_term_string}"},"query-input":{"@type":"PropertyValueSpecification","valueRequired":true,"valueName":"search_term_string"}}],"inLanguage":"fi"},{"@type":"Organization","@id":"https:\/\/www.vasavind.se\/#organization","name":"Vasa Vind","url":"https:\/\/www.vasavind.se\/","logo":{"@type":"ImageObject","inLanguage":"fi","@id":"https:\/\/www.vasavind.se\/#\/schema\/logo\/image\/","url":"https:\/\/www.vasavind.se\/wp-content\/uploads\/2023\/09\/vasavind.png","contentUrl":"https:\/\/www.vasavind.se\/wp-content\/uploads\/2023\/09\/vasavind.png","width":1063,"height":368,"caption":"Vasa Vind"},"image":{"@id":"https:\/\/www.vasavind.se\/#\/schema\/logo\/image\/"}}]}},"_links":{"self":[{"href":"https:\/\/www.vasavind.se\/fi\/wp-json\/wp\/v2\/pages\/4028","targetHints":{"allow":["GET"]}}],"collection":[{"href":"https:\/\/www.vasavind.se\/fi\/wp-json\/wp\/v2\/pages"}],"about":[{"href":"https:\/\/www.vasavind.se\/fi\/wp-json\/wp\/v2\/types\/page"}],"author":[{"embeddable":true,"href":"https:\/\/www.vasavind.se\/fi\/wp-json\/wp\/v2\/users\/3"}],"replies":[{"embeddable":true,"href":"https:\/\/www.vasavind.se\/fi\/wp-json\/wp\/v2\/comments?post=4028"}],"version-history":[{"count":8,"href":"https:\/\/www.vasavind.se\/fi\/wp-json\/wp\/v2\/pages\/4028\/revisions"}],"predecessor-version":[{"id":4060,"href":"https:\/\/www.vasavind.se\/fi\/wp-json\/wp\/v2\/pages\/4028\/revisions\/4060"}],"up":[{"embeddable":true,"href":"https:\/\/www.vasavind.se\/fi\/wp-json\/wp\/v2\/pages\/1961"}],"wp:featuredmedia":[{"embeddable":true,"href":"https:\/\/www.vasavind.se\/fi\/wp-json\/wp\/v2\/media\/3643"}],"wp:attachment":[{"href":"https:\/\/www.vasavind.se\/fi\/wp-json\/wp\/v2\/media?parent=4028"}],"curies":[{"name":"wp","href":"https:\/\/api.w.org\/{rel}","templated":true}]}}