{"id":1940,"date":"2023-09-08T15:03:23","date_gmt":"2023-09-08T13:03:23","guid":{"rendered":"https:\/\/www.vasavind.se\/tietosuojakaytanto\/"},"modified":"2024-03-21T11:23:13","modified_gmt":"2024-03-21T10:23:13","slug":"tietosuojakaytanto","status":"publish","type":"page","link":"https:\/\/www.vasavind.se\/fi\/tietosuojakaytanto\/","title":{"rendered":"Tietosuojaseloste"},"content":{"rendered":"\t\t<div data-elementor-type=\"wp-page\" data-elementor-id=\"1940\" class=\"elementor elementor-1940 elementor-3\" data-elementor-post-type=\"page\">\n\t\t\t\t\t\t<section class=\"elementor-section elementor-top-section elementor-element elementor-element-4c70500b elementor-section-boxed elementor-section-height-default elementor-section-height-default\" data-id=\"4c70500b\" data-element_type=\"section\" data-e-type=\"section\">\n\t\t\t\t\t\t<div class=\"elementor-container elementor-column-gap-wider\">\n\t\t\t\t\t<div class=\"elementor-column elementor-col-100 elementor-top-column elementor-element elementor-element-7e7f0d26\" data-id=\"7e7f0d26\" data-element_type=\"column\" data-e-type=\"column\">\n\t\t\t<div class=\"elementor-widget-wrap elementor-element-populated\">\n\t\t\t\t\t\t<div class=\"elementor-element elementor-element-8ab67c6 elementor-widget elementor-widget-heading\" data-id=\"8ab67c6\" data-element_type=\"widget\" data-e-type=\"widget\" data-widget_type=\"heading.default\">\n\t\t\t\t<div class=\"elementor-widget-container\">\n\t\t\t\t\t<h1 class=\"elementor-heading-title elementor-size-default\">Tietosuojaseloste<\/h1>\t\t\t\t<\/div>\n\t\t\t\t<\/div>\n\t\t\t\t<div class=\"elementor-element elementor-element-c39c72f elementor-widget elementor-widget-text-editor\" data-id=\"c39c72f\" data-element_type=\"widget\" data-e-type=\"widget\" data-widget_type=\"text-editor.default\">\n\t\t\t\t<div class=\"elementor-widget-container\">\n\t\t\t\t\t\t\t\t\t<p>Vasa Vind AB on osa Vasa Vind -konsernia. Vasa Vind Group Holdings AB ja kaikki konserniin kuuluvat tyt\u00e4ryhti\u00f6t ovat sitoutuneet varmistamaan yksityisyydensuojan kaikille palveluidemme k\u00e4ytt\u00e4jille. K\u00e4ytt\u00e4jien on voitava luottaa siihen, ett\u00e4 heid\u00e4n yksityisyytt\u00e4\u00e4n kunnioitetaan ja henkil\u00f6tietojaan k\u00e4sitell\u00e4\u00e4n asianmukaisesti. Vastaamme siit\u00e4, ett\u00e4 k\u00e4sittelemi\u00e4mme henkil\u00f6tietoja k\u00e4ytet\u00e4\u00e4n tarkoituksenmukaisesti ja ett\u00e4 ne on suojattu luvattomalta k\u00e4yt\u00f6lt\u00e4.<\/p>\n<p>Kaikki henkil\u00f6tietojen k\u00e4sittely Vasa Vind Group Holdings AB:ss\u00e4 ja tyt\u00e4ryhti\u00f6iss\u00e4mme tapahtuu sovellettavan henkil\u00f6tietolains\u00e4\u00e4d\u00e4nn\u00f6n mukaisesti. EU:ssa ja ETA:ssa sovelletaan yleist\u00e4 tietosuoja-asetusta (GDPR) [1] 25. toukokuuta 2018 alkaen.<\/p>\n<p>Henkil\u00f6tietojen k\u00e4sittelyst\u00e4 vastaava rekisterinpit\u00e4j\u00e4 on Vaasa Vind -yhti\u00f6, joka vastaa siit\u00e4 palvelusta, jota kohtaan k\u00e4ytt\u00e4j\u00e4 on osoittanut kiinnostusta tai jonka kanssa h\u00e4n on tehnyt sopimuksen. Jos konserniin kuuluvat yhti\u00f6t ovat laatineet omia tietosuojak\u00e4yt\u00e4nt\u00f6j\u00e4\u00e4n, ne ovat etusijalla t\u00e4h\u00e4n yleiseen tietosuojaselosteeseen n\u00e4hden.<\/p>\n\t\t\t\t\t\t\t\t<\/div>\n\t\t\t\t<\/div>\n\t\t\t\t<div class=\"elementor-element elementor-element-9112bc1 elementor-widget elementor-widget-heading\" data-id=\"9112bc1\" data-element_type=\"widget\" data-e-type=\"widget\" data-widget_type=\"heading.default\">\n\t\t\t\t<div class=\"elementor-widget-container\">\n\t\t\t\t\t<h4 class=\"elementor-heading-title elementor-size-default\">Millaisia henkil\u00f6tietoja k\u00e4sittelemme?<\/h4>\t\t\t\t<\/div>\n\t\t\t\t<\/div>\n\t\t\t\t<div class=\"elementor-element elementor-element-4e45163 elementor-widget elementor-widget-text-editor\" data-id=\"4e45163\" data-element_type=\"widget\" data-e-type=\"widget\" data-widget_type=\"text-editor.default\">\n\t\t\t\t<div class=\"elementor-widget-container\">\n\t\t\t\t\t\t\t\t\t<p>Kanssamme yhteisty\u00f6t\u00e4 tekevi\u00e4 tahoja sek\u00e4 palveluidemme tai verkkosivustomme k\u00e4ytt\u00e4ji\u00e4 saatetaan pyyt\u00e4\u00e4 antamaan itse\u00e4\u00e4n koskevia tietoja. Tallennamme my\u00f6s henkil\u00f6tiedot, jotka saamme, kun meihin otetaan yhteytt\u00e4.<\/p>\n<p>Yhteystiedot: nimi, puhelinnumero, s\u00e4hk\u00f6postiosoite, osoite.<\/p>\n<p>Tekniset tiedot: URL-osoite, jonka kautta verkkosivustoamme k\u00e4ytet\u00e4\u00e4n, k\u00e4ytt\u00e4j\u00e4n IP-osoite ja tiedot k\u00e4ytt\u00e4ytymisest\u00e4, selaimen tyyppi, kieli ja k\u00e4ytt\u00f6j\u00e4rjestelm\u00e4.<\/p>\n<p>Erityist\u00e4 suojaa vaativia henkil\u00f6tietoja, kuten henkil\u00f6- ja tilinumeroita, k\u00e4sitell\u00e4\u00e4n vain silloin, kun se on ehdottoman v\u00e4ltt\u00e4m\u00e4t\u00f6nt\u00e4, ja erityisi\u00e4 organisatorisia ja teknisi\u00e4 turvatoimia soveltaen.<\/p>\n\t\t\t\t\t\t\t\t<\/div>\n\t\t\t\t<\/div>\n\t\t\t\t<div class=\"elementor-element elementor-element-30b625d elementor-widget elementor-widget-heading\" data-id=\"30b625d\" data-element_type=\"widget\" data-e-type=\"widget\" data-widget_type=\"heading.default\">\n\t\t\t\t<div class=\"elementor-widget-container\">\n\t\t\t\t\t<h4 class=\"elementor-heading-title elementor-size-default\"><h4 data-elementor-setting-key=\"title\" data-pen-placeholder=\"Skriv h\u00e4r...\" style=\"font-family: var( --e-global-typography-primary-font-family ), Sans-serif;font-weight: var( --e-global-typography-primary-font-weight )\">Verkkosivustomme k\u00e4ytt\u00e4m\u00e4t ev\u00e4steet<\/h4><\/h4>\t\t\t\t<\/div>\n\t\t\t\t<\/div>\n\t\t\t\t<div class=\"elementor-element elementor-element-59addb5 elementor-widget elementor-widget-text-editor\" data-id=\"59addb5\" data-element_type=\"widget\" data-e-type=\"widget\" data-widget_type=\"text-editor.default\">\n\t\t\t\t<div class=\"elementor-widget-container\">\n\t\t\t\t\t\t\t\t\t<p>Ev\u00e4ste on pieni tekstitiedosto, joka l\u00e4hetet\u00e4\u00e4n verkkopalvelimeltamme ja tallennetaan k\u00e4ytt\u00e4j\u00e4n tietokoneelle. Useimmat yritykset k\u00e4ytt\u00e4v\u00e4t ev\u00e4steit\u00e4 verkkosivustoissaan k\u00e4ytett\u00e4vyyden parantamiseksi, eiv\u00e4tk\u00e4 ev\u00e4steet voi vahingoittaa k\u00e4ytt\u00e4j\u00e4n tiedostoja tai lis\u00e4t\u00e4 tietokoneen virusriski\u00e4.<\/p>\n<p>K\u00e4yt\u00e4mme ev\u00e4steit\u00e4, jotta voimme n\u00e4hd\u00e4, mit\u00e4 valintoja k\u00e4ytt\u00e4j\u00e4 on aiemmin tehnyt verkkosivustossamme, jotta voimme parantaa toimintoja. Ev\u00e4steit\u00e4 k\u00e4ytet\u00e4\u00e4n my\u00f6s verkkosivustomme k\u00e4ytt\u00e4j\u00e4liikenteen mittaamiseen ja tilastollisiin tarkoituksiin.<\/p>\n<p>Ker\u00e4tyt tiedot ovat nimett\u00f6mi\u00e4 eiv\u00e4tk\u00e4 sis\u00e4ll\u00e4 henkil\u00f6tietoja, kuten nime\u00e4 tai s\u00e4hk\u00f6postiosoitetta. Vaasa Vind ei voi j\u00e4ljitt\u00e4\u00e4 tietoja yksitt\u00e4isiin k\u00e4vij\u00f6ihin.<\/p>\n<p>Ev\u00e4steet on helppo poistaa tietokoneelta tai mobiililaitteelta selaimen asetuksista. Ohjeita ev\u00e4steiden hallintaan ja poistamiseen l\u00f6ytyy selaimen Ohje-valikosta. Ev\u00e4steet voi haluttaessa poistaa k\u00e4yt\u00f6st\u00e4 tai tietokoneelle tai mobiililaitteelle l\u00e4hetett\u00e4vist\u00e4 ev\u00e4steist\u00e4 voi pyyt\u00e4\u00e4 ilmoituksen.<\/p>\n<p>Ev\u00e4steidemme tarkoituksena on helpottaa verkkosivuston k\u00e4ytt\u00e4mist\u00e4 ja hallinnointia. Huomaathan, ett\u00e4 jos poistat ev\u00e4steet k\u00e4yt\u00f6st\u00e4, kaikki verkkosivustomme ominaisuudet eiv\u00e4t toimi. Jos jatkat verkkosivustomme k\u00e4ytt\u00f6\u00e4 muuttamatta asetuksia, oletamme, ett\u00e4 hyv\u00e4ksyt ev\u00e4steiden vastaanottamisen.<\/p>\n\t\t\t\t\t\t\t\t<\/div>\n\t\t\t\t<\/div>\n\t\t\t\t<div class=\"elementor-element elementor-element-da3b6ef elementor-widget elementor-widget-heading\" data-id=\"da3b6ef\" data-element_type=\"widget\" data-e-type=\"widget\" data-widget_type=\"heading.default\">\n\t\t\t\t<div class=\"elementor-widget-container\">\n\t\t\t\t\t<h4 class=\"elementor-heading-title elementor-size-default\">Henkil\u00f6tietojen k\u00e4sittelyn tarkoitukset<\/h4>\t\t\t\t<\/div>\n\t\t\t\t<\/div>\n\t\t\t\t<div class=\"elementor-element elementor-element-ed73a3a elementor-widget elementor-widget-text-editor\" data-id=\"ed73a3a\" data-element_type=\"widget\" data-e-type=\"widget\" data-widget_type=\"text-editor.default\">\n\t\t\t\t<div class=\"elementor-widget-container\">\n\t\t\t\t\t\t\t\t\t<p>Vasa Vind Group Holdings AB ja tyt\u00e4ryhti\u00f6mme k\u00e4sittelev\u00e4t henkil\u00f6tietoja seuraaviin tarkoituksiin:<\/p>\n<ul>\n<li>Tuotteiden ja palvelujen tarjoaminen ja hallinnointi sopimuksen mukaisesti.<\/li>\n<li>Asiakasviestint\u00e4 ja asiakassuhteen yll\u00e4pit\u00e4minen ennen sopimuksen tekemist\u00e4 tai yhteisty\u00f6h\u00f6n ryhtymist\u00e4, niiden aikana ja niiden j\u00e4lkeen.<\/li>\n<li>Markkinointi, kuten palveluistamme ja uusiutuvan energian yleisest\u00e4 kehityksest\u00e4 tiedottaminen.<\/li>\n<\/ul>\n\t\t\t\t\t\t\t\t<\/div>\n\t\t\t\t<\/div>\n\t\t\t\t<div class=\"elementor-element elementor-element-350c8eb elementor-widget elementor-widget-heading\" data-id=\"350c8eb\" data-element_type=\"widget\" data-e-type=\"widget\" data-widget_type=\"heading.default\">\n\t\t\t\t<div class=\"elementor-widget-container\">\n\t\t\t\t\t<h4 class=\"elementor-heading-title elementor-size-default\">Henkil\u00f6tietojen k\u00e4sittelyn oikeusperuste<\/h4>\t\t\t\t<\/div>\n\t\t\t\t<\/div>\n\t\t\t\t<div class=\"elementor-element elementor-element-f0e1efa elementor-widget elementor-widget-text-editor\" data-id=\"f0e1efa\" data-element_type=\"widget\" data-e-type=\"widget\" data-widget_type=\"text-editor.default\">\n\t\t\t\t<div class=\"elementor-widget-container\">\n\t\t\t\t\t\t\t\t\t<p>Vasa Vind Group Holdings AB ja tyt\u00e4ryhti\u00f6mme k\u00e4sittelev\u00e4t tietoja, jotka ovat v\u00e4ltt\u00e4m\u00e4tt\u00f6mi\u00e4 sopimusvelvoitteiden t\u00e4ytt\u00e4miseksi. Henkil\u00f6tietoja s\u00e4ilytet\u00e4\u00e4n niin kauan kuin se on tarpeen sopimuksen tai lakis\u00e4\u00e4teisten velvoitteiden t\u00e4ytt\u00e4miseksi, mik\u00e4 tarkoittaa, ett\u00e4 sopimuksen p\u00e4\u00e4ttymisen j\u00e4lkeen s\u00e4ilyt\u00e4mme tarvittavat tiedot lakis\u00e4\u00e4teisten velvoitteiden, kuten Ruotsin kirjanpitolain (1999:1078) ja vanhentumisaikojen perusteella. Jos sopimukset edellytt\u00e4v\u00e4t erityist\u00e4 suojaa vaativien henkil\u00f6tietojen, kuten henkil\u00f6- tai tilinumeroiden k\u00e4sittely\u00e4, ne poistetaan viimeist\u00e4\u00e4n 30 p\u00e4iv\u00e4n kuluttua siit\u00e4, kun oikeusperuste on lakannut olemasta voimassa.<\/p>\n<p>Ker\u00e4\u00e4mme henkil\u00f6tietoja oikeutettuun etuun perustuen, jotta voimme tehd\u00e4 uusia vastaavia yhteisty\u00f6sopimuksia sopimuksen p\u00e4\u00e4ttymisen j\u00e4lkeen ja markkinointitarkoituksiin. Poistamme tietoja vuosittain, jotta yhteystietomme pysyv\u00e4t ajan tasalla. Tiedot poistetaan, kun k\u00e4sittely ei en\u00e4\u00e4 ole tarpeen k\u00e4sittelyn tarkoituksen toteuttamiseksi.<\/p>\n<p>Joissakin tilanteissa tarvitsemme suostumuksen henkil\u00f6tietojen k\u00e4sittelyyn. N\u00e4iss\u00e4 tapauksissa voit antaa suostumuksesi tiettyyn k\u00e4sittelytarkoitukseen. Suostumuksen perusteella ker\u00e4ttyj\u00e4 tietoja k\u00e4sitell\u00e4\u00e4n, kunnes peruutat suostumuksesi.<\/p>\n\t\t\t\t\t\t\t\t<\/div>\n\t\t\t\t<\/div>\n\t\t\t\t<div class=\"elementor-element elementor-element-a1e1668 elementor-widget elementor-widget-heading\" data-id=\"a1e1668\" data-element_type=\"widget\" data-e-type=\"widget\" data-widget_type=\"heading.default\">\n\t\t\t\t<div class=\"elementor-widget-container\">\n\t\t\t\t\t<h4 class=\"elementor-heading-title elementor-size-default\">Kenell\u00e4 on p\u00e4\u00e4sy henkil\u00f6tietoihin?<\/h4>\t\t\t\t<\/div>\n\t\t\t\t<\/div>\n\t\t\t\t<div class=\"elementor-element elementor-element-9658ac0 elementor-widget elementor-widget-text-editor\" data-id=\"9658ac0\" data-element_type=\"widget\" data-e-type=\"widget\" data-widget_type=\"text-editor.default\">\n\t\t\t\t<div class=\"elementor-widget-container\">\n\t\t\t\t\t\t\t\t\t<p>Henkil\u00f6tietoja voivat k\u00e4sitell\u00e4 henkil\u00f6tietojen k\u00e4sittelij\u00e4mme, jotka suorittavat teht\u00e4vi\u00e4 Vasa Vind -yhti\u00f6iden puolesta. N\u00e4m\u00e4 henkil\u00f6tietojen k\u00e4sittelij\u00e4t k\u00e4sittelev\u00e4t tietoja ainoastaan niiden tarkoitusten mukaisesti, joita varten henkil\u00f6tiedot on ker\u00e4tty, ja Vasa Vindin ohjeiden mukaisesti.<\/p>\n<p>Henkil\u00f6tietoja luovutetaan lakis\u00e4\u00e4teisten velvoitteiden ja k\u00e4yt\u00e4nt\u00f6jen mukaisesti esimerkiksi viranomaisille, tilintarkastajille ja asianajajille.\u00a0<\/p>\n<p>Emme myy, jaa tai muulla tavoin levit\u00e4 henkil\u00f6tietoja kolmansille osapuolille, paitsi t\u00e4m\u00e4n tietosuojaselosteen ja yleisen tietosuoja-asetuksen mukaisesti.<\/p>\n\t\t\t\t\t\t\t\t<\/div>\n\t\t\t\t<\/div>\n\t\t\t\t<div class=\"elementor-element elementor-element-985efb0 elementor-widget elementor-widget-heading\" data-id=\"985efb0\" data-element_type=\"widget\" data-e-type=\"widget\" data-widget_type=\"heading.default\">\n\t\t\t\t<div class=\"elementor-widget-container\">\n\t\t\t\t\t<h4 class=\"elementor-heading-title elementor-size-default\">Rekister\u00f6idyn oikeudet ja yhteystiedot<\/h4>\t\t\t\t<\/div>\n\t\t\t\t<\/div>\n\t\t\t\t<div class=\"elementor-element elementor-element-0e461bb elementor-widget elementor-widget-text-editor\" data-id=\"0e461bb\" data-element_type=\"widget\" data-e-type=\"widget\" data-widget_type=\"text-editor.default\">\n\t\t\t\t<div class=\"elementor-widget-container\">\n\t\t\t\t\t\t\t\t\t<p>Rekister\u00f6idyll\u00e4 on oikeus saada <strong>tietoa<\/strong> henkil\u00f6tietojensa k\u00e4sittelyst\u00e4 ja saada tutustua tietoihinsa. Toimitamme tiedot kuukauden kuluessa pyynn\u00f6n vastaanottamisesta. Tietyiss\u00e4 olosuhteissa t\u00e4t\u00e4 m\u00e4\u00e4r\u00e4aikaa voidaan pident\u00e4\u00e4 kahteen kuukauteen, mutta asiasta ilmoitetaan rekister\u00f6idylle kuukauden kuluessa. Rekister\u00f6ity voi my\u00f6s pyyt\u00e4\u00e4 lakis\u00e4\u00e4teisten ehtojen mukaisesti virheellisten henkil\u00f6tietojensa <strong>oikaisemista<\/strong>, tietojensa k\u00e4sittelyn <strong>rajoittamista<\/strong> tai tietojensa <strong>poistamista<\/strong>. Rekister\u00f6idyll\u00e4 on my\u00f6s oikeus vastustaa k\u00e4sittely\u00e4, joka perustuu oikeutetun edun toteuttamiseen. Jos k\u00e4sittely perustuu Vasa Vindin ja rekister\u00f6idyn v\u00e4liseen sopimussuhteeseen, rekister\u00f6idyll\u00e4 on oikeus pyyt\u00e4\u00e4 henkil\u00f6tietojensa siirt\u00e4mist\u00e4 toiselle rekisterinpit\u00e4j\u00e4lle. Rekister\u00f6idyll\u00e4 on my\u00f6s oikeus peruuttaa suostumuksensa ja est\u00e4\u00e4 henkil\u00f6tietojensa k\u00e4ytt\u00f6 suoramarkkinoinnissa.<\/p>\n<p>Ota yhteytt\u00e4, jos haluat lis\u00e4tietoja tietosuojaty\u00f6st\u00e4mme tai jos haluat muuttaa tai poistaa henkil\u00f6tietojasi tai saada tietoa niist\u00e4.<\/p>\n<p>Vasa Vind Group Holdings AB<br \/>Garvis Carlsson Gata 5, 11 tr<br \/>169 41 Solna<br \/>ekonomi(at)vasavind.se<br \/>+46 8 545 184 80<\/p>\n<p>T\u00e4m\u00e4 tietosuojaseloste on laadittu 25.5.2018, ja sit\u00e4 on p\u00e4ivitetty viimeksi 12.1.2024.<\/p>\n<p>[1] <em>Euroopan parlamentin ja neuvoston asetus (EU) 2016\/679, annettu 27 p\u00e4iv\u00e4n\u00e4 huhtikuuta 2016, luonnollisten henkil\u00f6iden suojelusta henkil\u00f6tietojen k\u00e4sittelyss\u00e4 ja n\u00e4iden tietojen vapaasta liikkuvuudesta sek\u00e4 direktiivin 95\/46\/EY (yleinen tietosuoja-asetus) ja my\u00f6hempien s\u00e4\u00e4d\u00f6sten ja asetusten kumoamisesta<\/em>.<\/p>\n\t\t\t\t\t\t\t\t<\/div>\n\t\t\t\t<\/div>\n\t\t\t\t\t<\/div>\n\t\t<\/div>\n\t\t\t\t\t<\/div>\n\t\t<\/section>\n\t\t\t\t<\/div>\n\t\t","protected":false},"excerpt":{"rendered":"<p>Tietosuojaseloste Vasa Vind AB on osa Vasa Vind -konsernia. Vasa Vind Group Holdings AB ja kaikki konserniin kuuluvat tyt\u00e4ryhti\u00f6t ovat sitoutuneet varmistamaan yksityisyydensuojan kaikille palveluidemme k\u00e4ytt\u00e4jille. K\u00e4ytt\u00e4jien on voitava luottaa siihen, ett\u00e4 heid\u00e4n yksityisyytt\u00e4\u00e4n kunnioitetaan ja henkil\u00f6tietojaan k\u00e4sitell\u00e4\u00e4n asianmukaisesti. Vastaamme siit\u00e4, ett\u00e4 k\u00e4sittelemi\u00e4mme henkil\u00f6tietoja k\u00e4ytet\u00e4\u00e4n tarkoituksenmukaisesti ja ett\u00e4 ne on suojattu luvattomalta k\u00e4yt\u00f6lt\u00e4. Kaikki henkil\u00f6tietojen [&hellip;]<\/p>\n","protected":false},"author":1,"featured_media":0,"parent":0,"menu_order":0,"comment_status":"closed","ping_status":"open","template":"","meta":{"_acf_changed":false,"footnotes":""},"class_list":["post-1940","page","type-page","status-publish","hentry"],"acf":[],"yoast_head":"<!-- This site is optimized with the Yoast SEO plugin v27.3 - https:\/\/yoast.com\/product\/yoast-seo-wordpress\/ -->\n<title>Tietosuojaseloste - Vasa Vind<\/title>\n<meta name=\"robots\" content=\"index, follow, max-snippet:-1, max-image-preview:large, max-video-preview:-1\" \/>\n<link rel=\"canonical\" href=\"https:\/\/www.vasavind.se\/integritetspolicy\/\" \/>\n<meta property=\"og:locale\" content=\"fi_FI\" \/>\n<meta property=\"og:type\" content=\"article\" \/>\n<meta property=\"og:title\" content=\"Tietosuojaseloste - Vasa Vind\" \/>\n<meta property=\"og:description\" content=\"Tietosuojaseloste Vasa Vind AB on osa Vasa Vind -konsernia. Vasa Vind Group Holdings AB ja kaikki konserniin kuuluvat tyt\u00e4ryhti\u00f6t ovat sitoutuneet varmistamaan yksityisyydensuojan kaikille palveluidemme k\u00e4ytt\u00e4jille. K\u00e4ytt\u00e4jien on voitava luottaa siihen, ett\u00e4 heid\u00e4n yksityisyytt\u00e4\u00e4n kunnioitetaan ja henkil\u00f6tietojaan k\u00e4sitell\u00e4\u00e4n asianmukaisesti. Vastaamme siit\u00e4, ett\u00e4 k\u00e4sittelemi\u00e4mme henkil\u00f6tietoja k\u00e4ytet\u00e4\u00e4n tarkoituksenmukaisesti ja ett\u00e4 ne on suojattu luvattomalta k\u00e4yt\u00f6lt\u00e4. Kaikki henkil\u00f6tietojen [&hellip;]\" \/>\n<meta property=\"og:url\" content=\"https:\/\/www.vasavind.se\/integritetspolicy\/\" \/>\n<meta property=\"og:site_name\" content=\"Vasa Vind\" \/>\n<meta property=\"article:modified_time\" content=\"2024-03-21T10:23:13+00:00\" \/>\n<meta name=\"twitter:card\" content=\"summary_large_image\" \/>\n<meta name=\"twitter:label1\" content=\"Arvioitu lukuaika\" \/>\n\t<meta name=\"twitter:data1\" content=\"5 minuuttia\" \/>\n<script type=\"application\/ld+json\" class=\"yoast-schema-graph\">{\"@context\":\"https:\\\/\\\/schema.org\",\"@graph\":[{\"@type\":\"WebPage\",\"@id\":\"https:\\\/\\\/www.vasavind.se\\\/integritetspolicy\\\/\",\"url\":\"https:\\\/\\\/www.vasavind.se\\\/integritetspolicy\\\/\",\"name\":\"Tietosuojaseloste - Vasa Vind\",\"isPartOf\":{\"@id\":\"https:\\\/\\\/www.vasavind.se\\\/#website\"},\"datePublished\":\"2023-09-08T13:03:23+00:00\",\"dateModified\":\"2024-03-21T10:23:13+00:00\",\"breadcrumb\":{\"@id\":\"https:\\\/\\\/www.vasavind.se\\\/integritetspolicy\\\/#breadcrumb\"},\"inLanguage\":\"fi\",\"potentialAction\":[{\"@type\":\"ReadAction\",\"target\":[\"https:\\\/\\\/www.vasavind.se\\\/integritetspolicy\\\/\"]}]},{\"@type\":\"BreadcrumbList\",\"@id\":\"https:\\\/\\\/www.vasavind.se\\\/integritetspolicy\\\/#breadcrumb\",\"itemListElement\":[{\"@type\":\"ListItem\",\"position\":1,\"name\":\"Hem\",\"item\":\"https:\\\/\\\/www.vasavind.se\\\/\"},{\"@type\":\"ListItem\",\"position\":2,\"name\":\"Tietosuojaseloste\"}]},{\"@type\":\"WebSite\",\"@id\":\"https:\\\/\\\/www.vasavind.se\\\/#website\",\"url\":\"https:\\\/\\\/www.vasavind.se\\\/\",\"name\":\"Vasa Vind\",\"description\":\"F\u00f6rnybar energi f\u00f6r en h\u00e5llbar framtid\",\"publisher\":{\"@id\":\"https:\\\/\\\/www.vasavind.se\\\/#organization\"},\"potentialAction\":[{\"@type\":\"SearchAction\",\"target\":{\"@type\":\"EntryPoint\",\"urlTemplate\":\"https:\\\/\\\/www.vasavind.se\\\/?s={search_term_string}\"},\"query-input\":{\"@type\":\"PropertyValueSpecification\",\"valueRequired\":true,\"valueName\":\"search_term_string\"}}],\"inLanguage\":\"fi\"},{\"@type\":\"Organization\",\"@id\":\"https:\\\/\\\/www.vasavind.se\\\/#organization\",\"name\":\"Vasa Vind\",\"url\":\"https:\\\/\\\/www.vasavind.se\\\/\",\"logo\":{\"@type\":\"ImageObject\",\"inLanguage\":\"fi\",\"@id\":\"https:\\\/\\\/www.vasavind.se\\\/#\\\/schema\\\/logo\\\/image\\\/\",\"url\":\"https:\\\/\\\/www.vasavind.se\\\/wp-content\\\/uploads\\\/2023\\\/09\\\/vasavind.png\",\"contentUrl\":\"https:\\\/\\\/www.vasavind.se\\\/wp-content\\\/uploads\\\/2023\\\/09\\\/vasavind.png\",\"width\":1063,\"height\":368,\"caption\":\"Vasa Vind\"},\"image\":{\"@id\":\"https:\\\/\\\/www.vasavind.se\\\/#\\\/schema\\\/logo\\\/image\\\/\"}}]}<\/script>\n<!-- \/ Yoast SEO plugin. -->","yoast_head_json":{"title":"Tietosuojaseloste - Vasa Vind","robots":{"index":"index","follow":"follow","max-snippet":"max-snippet:-1","max-image-preview":"max-image-preview:large","max-video-preview":"max-video-preview:-1"},"canonical":"https:\/\/www.vasavind.se\/integritetspolicy\/","og_locale":"fi_FI","og_type":"article","og_title":"Tietosuojaseloste - Vasa Vind","og_description":"Tietosuojaseloste Vasa Vind AB on osa Vasa Vind -konsernia. Vasa Vind Group Holdings AB ja kaikki konserniin kuuluvat tyt\u00e4ryhti\u00f6t ovat sitoutuneet varmistamaan yksityisyydensuojan kaikille palveluidemme k\u00e4ytt\u00e4jille. K\u00e4ytt\u00e4jien on voitava luottaa siihen, ett\u00e4 heid\u00e4n yksityisyytt\u00e4\u00e4n kunnioitetaan ja henkil\u00f6tietojaan k\u00e4sitell\u00e4\u00e4n asianmukaisesti. Vastaamme siit\u00e4, ett\u00e4 k\u00e4sittelemi\u00e4mme henkil\u00f6tietoja k\u00e4ytet\u00e4\u00e4n tarkoituksenmukaisesti ja ett\u00e4 ne on suojattu luvattomalta k\u00e4yt\u00f6lt\u00e4. Kaikki henkil\u00f6tietojen [&hellip;]","og_url":"https:\/\/www.vasavind.se\/integritetspolicy\/","og_site_name":"Vasa Vind","article_modified_time":"2024-03-21T10:23:13+00:00","twitter_card":"summary_large_image","twitter_misc":{"Arvioitu lukuaika":"5 minuuttia"},"schema":{"@context":"https:\/\/schema.org","@graph":[{"@type":"WebPage","@id":"https:\/\/www.vasavind.se\/integritetspolicy\/","url":"https:\/\/www.vasavind.se\/integritetspolicy\/","name":"Tietosuojaseloste - Vasa Vind","isPartOf":{"@id":"https:\/\/www.vasavind.se\/#website"},"datePublished":"2023-09-08T13:03:23+00:00","dateModified":"2024-03-21T10:23:13+00:00","breadcrumb":{"@id":"https:\/\/www.vasavind.se\/integritetspolicy\/#breadcrumb"},"inLanguage":"fi","potentialAction":[{"@type":"ReadAction","target":["https:\/\/www.vasavind.se\/integritetspolicy\/"]}]},{"@type":"BreadcrumbList","@id":"https:\/\/www.vasavind.se\/integritetspolicy\/#breadcrumb","itemListElement":[{"@type":"ListItem","position":1,"name":"Hem","item":"https:\/\/www.vasavind.se\/"},{"@type":"ListItem","position":2,"name":"Tietosuojaseloste"}]},{"@type":"WebSite","@id":"https:\/\/www.vasavind.se\/#website","url":"https:\/\/www.vasavind.se\/","name":"Vasa Vind","description":"F\u00f6rnybar energi f\u00f6r en h\u00e5llbar framtid","publisher":{"@id":"https:\/\/www.vasavind.se\/#organization"},"potentialAction":[{"@type":"SearchAction","target":{"@type":"EntryPoint","urlTemplate":"https:\/\/www.vasavind.se\/?s={search_term_string}"},"query-input":{"@type":"PropertyValueSpecification","valueRequired":true,"valueName":"search_term_string"}}],"inLanguage":"fi"},{"@type":"Organization","@id":"https:\/\/www.vasavind.se\/#organization","name":"Vasa Vind","url":"https:\/\/www.vasavind.se\/","logo":{"@type":"ImageObject","inLanguage":"fi","@id":"https:\/\/www.vasavind.se\/#\/schema\/logo\/image\/","url":"https:\/\/www.vasavind.se\/wp-content\/uploads\/2023\/09\/vasavind.png","contentUrl":"https:\/\/www.vasavind.se\/wp-content\/uploads\/2023\/09\/vasavind.png","width":1063,"height":368,"caption":"Vasa Vind"},"image":{"@id":"https:\/\/www.vasavind.se\/#\/schema\/logo\/image\/"}}]}},"_links":{"self":[{"href":"https:\/\/www.vasavind.se\/fi\/wp-json\/wp\/v2\/pages\/1940","targetHints":{"allow":["GET"]}}],"collection":[{"href":"https:\/\/www.vasavind.se\/fi\/wp-json\/wp\/v2\/pages"}],"about":[{"href":"https:\/\/www.vasavind.se\/fi\/wp-json\/wp\/v2\/types\/page"}],"author":[{"embeddable":true,"href":"https:\/\/www.vasavind.se\/fi\/wp-json\/wp\/v2\/users\/1"}],"replies":[{"embeddable":true,"href":"https:\/\/www.vasavind.se\/fi\/wp-json\/wp\/v2\/comments?post=1940"}],"version-history":[{"count":3,"href":"https:\/\/www.vasavind.se\/fi\/wp-json\/wp\/v2\/pages\/1940\/revisions"}],"predecessor-version":[{"id":4031,"href":"https:\/\/www.vasavind.se\/fi\/wp-json\/wp\/v2\/pages\/1940\/revisions\/4031"}],"wp:attachment":[{"href":"https:\/\/www.vasavind.se\/fi\/wp-json\/wp\/v2\/media?parent=1940"}],"curies":[{"name":"wp","href":"https:\/\/api.w.org\/{rel}","templated":true}]}}