{"id":1937,"date":"2023-09-25T12:31:13","date_gmt":"2023-09-25T10:31:13","guid":{"rendered":"https:\/\/www.vasavind.se\/tyoskentely-kanssamme\/"},"modified":"2024-03-21T11:23:13","modified_gmt":"2024-03-21T10:23:13","slug":"tyoskentely-kanssamme","status":"publish","type":"page","link":"https:\/\/www.vasavind.se\/fi\/ota-yhteytta\/tyoskentely-kanssamme\/","title":{"rendered":"Meille t\u00f6ihin"},"content":{"rendered":"\t\t<div data-elementor-type=\"wp-page\" data-elementor-id=\"1937\" class=\"elementor elementor-1937 elementor-771\" data-elementor-post-type=\"page\">\n\t\t\t\t\t\t<section class=\"elementor-section elementor-top-section elementor-element elementor-element-dbcc658 elementor-section-height-min-height elementor-section-boxed elementor-section-height-default elementor-section-items-middle\" data-id=\"dbcc658\" data-element_type=\"section\" data-e-type=\"section\" data-settings=\"{&quot;background_background&quot;:&quot;classic&quot;}\">\n\t\t\t\t\t\t<div class=\"elementor-container elementor-column-gap-wider\">\n\t\t\t\t\t<div class=\"elementor-column elementor-col-100 elementor-top-column elementor-element elementor-element-f28ac6b\" data-id=\"f28ac6b\" data-element_type=\"column\" data-e-type=\"column\">\n\t\t\t<div class=\"elementor-widget-wrap elementor-element-populated\">\n\t\t\t\t\t\t<div class=\"elementor-element elementor-element-8066d17 elementor-widget elementor-widget-heading\" data-id=\"8066d17\" data-element_type=\"widget\" data-e-type=\"widget\" data-widget_type=\"heading.default\">\n\t\t\t\t<div class=\"elementor-widget-container\">\n\t\t\t\t\t<h1 class=\"elementor-heading-title elementor-size-default\">Meille t\u00f6ihin<\/h1>\t\t\t\t<\/div>\n\t\t\t\t<\/div>\n\t\t\t\t\t<\/div>\n\t\t<\/div>\n\t\t\t\t\t<\/div>\n\t\t<\/section>\n\t\t\t\t<section class=\"elementor-section elementor-top-section elementor-element elementor-element-560591d elementor-section-boxed elementor-section-height-default elementor-section-height-default\" data-id=\"560591d\" data-element_type=\"section\" data-e-type=\"section\" data-settings=\"{&quot;background_background&quot;:&quot;classic&quot;}\">\n\t\t\t\t\t\t<div class=\"elementor-container elementor-column-gap-wider\">\n\t\t\t\t\t<div class=\"elementor-column elementor-col-100 elementor-top-column elementor-element elementor-element-902c231\" data-id=\"902c231\" data-element_type=\"column\" data-e-type=\"column\">\n\t\t\t<div class=\"elementor-widget-wrap elementor-element-populated\">\n\t\t\t\t\t\t<div class=\"elementor-element elementor-element-493f5f1 elementor-widget elementor-widget-heading\" data-id=\"493f5f1\" data-element_type=\"widget\" data-e-type=\"widget\" data-widget_type=\"heading.default\">\n\t\t\t\t<div class=\"elementor-widget-container\">\n\t\t\t\t\t<h1 class=\"elementor-heading-title elementor-size-default\">Avoimet ty\u00f6paikat<\/h1>\t\t\t\t<\/div>\n\t\t\t\t<\/div>\n\t\t\t\t<div class=\"elementor-element elementor-element-25910c6 elementor-grid-3 elementor-grid-tablet-2 elementor-grid-mobile-1 elementor-widget elementor-widget-loop-grid\" data-id=\"25910c6\" data-element_type=\"widget\" data-e-type=\"widget\" data-settings=\"{&quot;template_id&quot;:1933,&quot;_skin&quot;:&quot;post&quot;,&quot;columns&quot;:&quot;3&quot;,&quot;columns_tablet&quot;:&quot;2&quot;,&quot;columns_mobile&quot;:&quot;1&quot;,&quot;edit_handle_selector&quot;:&quot;[data-elementor-type=\\&quot;loop-item\\&quot;]&quot;,&quot;row_gap&quot;:{&quot;unit&quot;:&quot;px&quot;,&quot;size&quot;:&quot;&quot;,&quot;sizes&quot;:[]},&quot;row_gap_tablet&quot;:{&quot;unit&quot;:&quot;px&quot;,&quot;size&quot;:&quot;&quot;,&quot;sizes&quot;:[]},&quot;row_gap_mobile&quot;:{&quot;unit&quot;:&quot;px&quot;,&quot;size&quot;:&quot;&quot;,&quot;sizes&quot;:[]}}\" data-widget_type=\"loop-grid.post\">\n\t\t\t\t<div class=\"elementor-widget-container\">\n\t\t\t\t\t\t\t<div class=\"e-loop-nothing-found-message\">\n\t\t<\/div>\n\t\t\t\t\t\t<\/div>\n\t\t\t\t<\/div>\n\t\t\t\t\t<\/div>\n\t\t<\/div>\n\t\t\t\t\t<\/div>\n\t\t<\/section>\n\t\t\t\t<section class=\"elementor-section elementor-top-section elementor-element elementor-element-d39bd8d elementor-section-boxed elementor-section-height-default elementor-section-height-default\" data-id=\"d39bd8d\" data-element_type=\"section\" data-e-type=\"section\" data-settings=\"{&quot;background_background&quot;:&quot;classic&quot;}\">\n\t\t\t\t\t\t<div class=\"elementor-container elementor-column-gap-default\">\n\t\t\t\t\t<div class=\"elementor-column elementor-col-100 elementor-top-column elementor-element elementor-element-e302d4e\" data-id=\"e302d4e\" data-element_type=\"column\" data-e-type=\"column\">\n\t\t\t<div class=\"elementor-widget-wrap elementor-element-populated\">\n\t\t\t\t\t\t<section class=\"elementor-section elementor-inner-section elementor-element elementor-element-dada66b elementor-section-full_width elementor-section-height-default elementor-section-height-default\" data-id=\"dada66b\" data-element_type=\"section\" data-e-type=\"section\" data-settings=\"{&quot;background_background&quot;:&quot;classic&quot;}\">\n\t\t\t\t\t\t<div class=\"elementor-container elementor-column-gap-default\">\n\t\t\t\t\t<div class=\"elementor-column elementor-col-100 elementor-inner-column elementor-element elementor-element-8e1ba8f\" data-id=\"8e1ba8f\" data-element_type=\"column\" data-e-type=\"column\">\n\t\t\t<div class=\"elementor-widget-wrap elementor-element-populated\">\n\t\t\t\t\t\t<div class=\"elementor-element elementor-element-7f02265 elementor-widget elementor-widget-elementor_project_contact\" data-id=\"7f02265\" data-element_type=\"widget\" data-e-type=\"widget\" data-widget_type=\"elementor_project_contact.default\">\n\t\t\t\t<div class=\"elementor-widget-container\">\n\t\t\t\t\t\t\t\t<div class=\"project-contact\">\n\t\t\t\t<div class=\"row\">\n\t\t\t\t\t<div class=\"image\">\n\t\t\t\t\t\t<img fetchpriority=\"high\" decoding=\"async\" width=\"2560\" height=\"1440\" src=\"https:\/\/www.vasavind.se\/wp-content\/uploads\/2023\/09\/Mattias-scaled.jpg\" class=\"attachment-full size-full\" alt=\"\" srcset=\"https:\/\/www.vasavind.se\/wp-content\/uploads\/2023\/09\/Mattias-scaled.jpg 2560w, https:\/\/www.vasavind.se\/wp-content\/uploads\/2023\/09\/Mattias-300x169.jpg 300w, https:\/\/www.vasavind.se\/wp-content\/uploads\/2023\/09\/Mattias-1024x576.jpg 1024w, https:\/\/www.vasavind.se\/wp-content\/uploads\/2023\/09\/Mattias-768x432.jpg 768w, https:\/\/www.vasavind.se\/wp-content\/uploads\/2023\/09\/Mattias-1536x864.jpg 1536w, https:\/\/www.vasavind.se\/wp-content\/uploads\/2023\/09\/Mattias-2048x1152.jpg 2048w\" sizes=\"(max-width: 2560px) 100vw, 2560px\" \/>\t\t\t\t\t<\/div>\n\t\t\t\t\t<div class=\"details\">\n\t\t\t\t\t\t<div class=\"details-wrapper\">\n\t\t\t\t\t\t\t<h2>Avoin hakemus<\/h2><p>Vasa Vind kasvaa ja tarvitsee koko ajan lis\u00e4\u00e4 osaajia joukkoonsa.<br \/>Jos olet kiinnostunut Vasa Vindist\u00e4 ty\u00f6nantajana, voit l\u00e4hett\u00e4\u00e4 meille avoimen hakemuksen.<\/p><p>Lis\u00e4tietoja antaa toimitusjohtajamme <a href=\"https:\/\/www.vasavind.se\/fi\/ota-yhteytta\/#employees\">Mattias Sj\u00f6berg<\/a>.\u00a0<\/p>\t\t\t\t\t\t\t<div class=\"name\"><\/div>\n\t\t\t\t\t\t\t<div class=\"email\">\n\t\t\t\t\t\t\t\tmattias.sjoberg(at)vasavind.se\t\t\t\t\t\t\t<\/div>\n\t\t\t\t\t\t\t<div class=\"phone\">\n\t\t\t\t\t\t\t\t<a href=\"tel:070 618 69 76\">070 618 69 76<\/a>\n\t\t\t\t\t\t\t<\/div>\n\t\t\t\t\t\t<\/div>\n\t\t\t\t\t<\/div>\n\t\t\t\t<\/div>\n\t\t\t<\/div>\n\n\t\t\t\t<\/div>\n\t\t\t\t<\/div>\n\t\t\t\t\t<\/div>\n\t\t<\/div>\n\t\t\t\t\t<\/div>\n\t\t<\/section>\n\t\t\t\t\t<\/div>\n\t\t<\/div>\n\t\t\t\t\t<\/div>\n\t\t<\/section>\n\t\t\t\t<\/div>\n\t\t","protected":false},"excerpt":{"rendered":"<p>Meille t\u00f6ihin Avoimet ty\u00f6paikat Avoin hakemus Vasa Vind kasvaa ja tarvitsee koko ajan lis\u00e4\u00e4 osaajia joukkoonsa.Jos olet kiinnostunut Vasa Vindist\u00e4 ty\u00f6nantajana, voit l\u00e4hett\u00e4\u00e4 meille avoimen hakemuksen. Lis\u00e4tietoja antaa toimitusjohtajamme Mattias Sj\u00f6berg.\u00a0 mattias.sjoberg(at)vasavind.se 070 618 69 76<\/p>\n","protected":false},"author":1,"featured_media":4291,"parent":1986,"menu_order":0,"comment_status":"closed","ping_status":"closed","template":"","meta":{"_acf_changed":false,"footnotes":""},"class_list":["post-1937","page","type-page","status-publish","has-post-thumbnail","hentry"],"acf":[],"yoast_head":"<!-- This site is optimized with the Yoast SEO plugin v27.3 - https:\/\/yoast.com\/product\/yoast-seo-wordpress\/ -->\n<title>Meille t\u00f6ihin - Vasa Vind<\/title>\n<meta name=\"robots\" content=\"index, follow, max-snippet:-1, max-image-preview:large, max-video-preview:-1\" \/>\n<link rel=\"canonical\" href=\"https:\/\/www.vasavind.se\/fi\/ota-yhteytta\/tyoskentely-kanssamme\/\" \/>\n<meta property=\"og:locale\" content=\"fi_FI\" \/>\n<meta property=\"og:type\" content=\"article\" \/>\n<meta property=\"og:title\" content=\"Meille t\u00f6ihin - Vasa Vind\" \/>\n<meta property=\"og:description\" content=\"Meille t\u00f6ihin Avoimet ty\u00f6paikat Avoin hakemus Vasa Vind kasvaa ja tarvitsee koko ajan lis\u00e4\u00e4 osaajia joukkoonsa.Jos olet kiinnostunut Vasa Vindist\u00e4 ty\u00f6nantajana, voit l\u00e4hett\u00e4\u00e4 meille avoimen hakemuksen. Lis\u00e4tietoja antaa toimitusjohtajamme Mattias Sj\u00f6berg.\u00a0 mattias.sjoberg(at)vasavind.se 070 618 69 76\" \/>\n<meta property=\"og:url\" content=\"https:\/\/www.vasavind.se\/fi\/ota-yhteytta\/tyoskentely-kanssamme\/\" \/>\n<meta property=\"og:site_name\" content=\"Vasa Vind\" \/>\n<meta property=\"article:modified_time\" content=\"2024-03-21T10:23:13+00:00\" \/>\n<meta property=\"og:image\" content=\"https:\/\/www.vasavind.se\/wp-content\/uploads\/2023\/09\/Mattias-scaled.jpg\" \/>\n<meta name=\"twitter:card\" content=\"summary_large_image\" \/>\n<meta name=\"twitter:label1\" content=\"Arvioitu lukuaika\" \/>\n\t<meta name=\"twitter:data1\" content=\"2 minuuttia\" \/>\n<script type=\"application\/ld+json\" class=\"yoast-schema-graph\">{\"@context\":\"https:\\\/\\\/schema.org\",\"@graph\":[{\"@type\":\"WebPage\",\"@id\":\"https:\\\/\\\/www.vasavind.se\\\/fi\\\/ota-yhteytta\\\/tyoskentely-kanssamme\\\/\",\"url\":\"https:\\\/\\\/www.vasavind.se\\\/fi\\\/ota-yhteytta\\\/tyoskentely-kanssamme\\\/\",\"name\":\"Meille t\u00f6ihin - Vasa Vind\",\"isPartOf\":{\"@id\":\"https:\\\/\\\/www.vasavind.se\\\/#website\"},\"primaryImageOfPage\":{\"@id\":\"https:\\\/\\\/www.vasavind.se\\\/fi\\\/ota-yhteytta\\\/tyoskentely-kanssamme\\\/#primaryimage\"},\"image\":{\"@id\":\"https:\\\/\\\/www.vasavind.se\\\/fi\\\/ota-yhteytta\\\/tyoskentely-kanssamme\\\/#primaryimage\"},\"thumbnailUrl\":\"https:\\\/\\\/www.vasavind.se\\\/wp-content\\\/uploads\\\/2024\\\/05\\\/DSC08672-scaled.jpg\",\"datePublished\":\"2023-09-25T10:31:13+00:00\",\"dateModified\":\"2024-03-21T10:23:13+00:00\",\"breadcrumb\":{\"@id\":\"https:\\\/\\\/www.vasavind.se\\\/fi\\\/ota-yhteytta\\\/tyoskentely-kanssamme\\\/#breadcrumb\"},\"inLanguage\":\"fi\",\"potentialAction\":[{\"@type\":\"ReadAction\",\"target\":[\"https:\\\/\\\/www.vasavind.se\\\/fi\\\/ota-yhteytta\\\/tyoskentely-kanssamme\\\/\"]}]},{\"@type\":\"ImageObject\",\"inLanguage\":\"fi\",\"@id\":\"https:\\\/\\\/www.vasavind.se\\\/fi\\\/ota-yhteytta\\\/tyoskentely-kanssamme\\\/#primaryimage\",\"url\":\"https:\\\/\\\/www.vasavind.se\\\/wp-content\\\/uploads\\\/2024\\\/05\\\/DSC08672-scaled.jpg\",\"contentUrl\":\"https:\\\/\\\/www.vasavind.se\\\/wp-content\\\/uploads\\\/2024\\\/05\\\/DSC08672-scaled.jpg\",\"width\":2560,\"height\":1707},{\"@type\":\"BreadcrumbList\",\"@id\":\"https:\\\/\\\/www.vasavind.se\\\/fi\\\/ota-yhteytta\\\/tyoskentely-kanssamme\\\/#breadcrumb\",\"itemListElement\":[{\"@type\":\"ListItem\",\"position\":1,\"name\":\"Hem\",\"item\":\"https:\\\/\\\/www.vasavind.se\\\/\"},{\"@type\":\"ListItem\",\"position\":2,\"name\":\"Soita meille\",\"item\":\"https:\\\/\\\/www.vasavind.se\\\/fi\\\/ota-yhteytta\\\/\"},{\"@type\":\"ListItem\",\"position\":3,\"name\":\"Meille t\u00f6ihin\"}]},{\"@type\":\"WebSite\",\"@id\":\"https:\\\/\\\/www.vasavind.se\\\/#website\",\"url\":\"https:\\\/\\\/www.vasavind.se\\\/\",\"name\":\"Vasa Vind\",\"description\":\"F\u00f6rnybar energi f\u00f6r en h\u00e5llbar framtid\",\"publisher\":{\"@id\":\"https:\\\/\\\/www.vasavind.se\\\/#organization\"},\"potentialAction\":[{\"@type\":\"SearchAction\",\"target\":{\"@type\":\"EntryPoint\",\"urlTemplate\":\"https:\\\/\\\/www.vasavind.se\\\/?s={search_term_string}\"},\"query-input\":{\"@type\":\"PropertyValueSpecification\",\"valueRequired\":true,\"valueName\":\"search_term_string\"}}],\"inLanguage\":\"fi\"},{\"@type\":\"Organization\",\"@id\":\"https:\\\/\\\/www.vasavind.se\\\/#organization\",\"name\":\"Vasa Vind\",\"url\":\"https:\\\/\\\/www.vasavind.se\\\/\",\"logo\":{\"@type\":\"ImageObject\",\"inLanguage\":\"fi\",\"@id\":\"https:\\\/\\\/www.vasavind.se\\\/#\\\/schema\\\/logo\\\/image\\\/\",\"url\":\"https:\\\/\\\/www.vasavind.se\\\/wp-content\\\/uploads\\\/2023\\\/09\\\/vasavind.png\",\"contentUrl\":\"https:\\\/\\\/www.vasavind.se\\\/wp-content\\\/uploads\\\/2023\\\/09\\\/vasavind.png\",\"width\":1063,\"height\":368,\"caption\":\"Vasa Vind\"},\"image\":{\"@id\":\"https:\\\/\\\/www.vasavind.se\\\/#\\\/schema\\\/logo\\\/image\\\/\"}}]}<\/script>\n<!-- \/ Yoast SEO plugin. -->","yoast_head_json":{"title":"Meille t\u00f6ihin - Vasa Vind","robots":{"index":"index","follow":"follow","max-snippet":"max-snippet:-1","max-image-preview":"max-image-preview:large","max-video-preview":"max-video-preview:-1"},"canonical":"https:\/\/www.vasavind.se\/fi\/ota-yhteytta\/tyoskentely-kanssamme\/","og_locale":"fi_FI","og_type":"article","og_title":"Meille t\u00f6ihin - Vasa Vind","og_description":"Meille t\u00f6ihin Avoimet ty\u00f6paikat Avoin hakemus Vasa Vind kasvaa ja tarvitsee koko ajan lis\u00e4\u00e4 osaajia joukkoonsa.Jos olet kiinnostunut Vasa Vindist\u00e4 ty\u00f6nantajana, voit l\u00e4hett\u00e4\u00e4 meille avoimen hakemuksen. Lis\u00e4tietoja antaa toimitusjohtajamme Mattias Sj\u00f6berg.\u00a0 mattias.sjoberg(at)vasavind.se 070 618 69 76","og_url":"https:\/\/www.vasavind.se\/fi\/ota-yhteytta\/tyoskentely-kanssamme\/","og_site_name":"Vasa Vind","article_modified_time":"2024-03-21T10:23:13+00:00","og_image":[{"url":"https:\/\/www.vasavind.se\/wp-content\/uploads\/2023\/09\/Mattias-scaled.jpg","type":"","width":"","height":""}],"twitter_card":"summary_large_image","twitter_misc":{"Arvioitu lukuaika":"2 minuuttia"},"schema":{"@context":"https:\/\/schema.org","@graph":[{"@type":"WebPage","@id":"https:\/\/www.vasavind.se\/fi\/ota-yhteytta\/tyoskentely-kanssamme\/","url":"https:\/\/www.vasavind.se\/fi\/ota-yhteytta\/tyoskentely-kanssamme\/","name":"Meille t\u00f6ihin - Vasa Vind","isPartOf":{"@id":"https:\/\/www.vasavind.se\/#website"},"primaryImageOfPage":{"@id":"https:\/\/www.vasavind.se\/fi\/ota-yhteytta\/tyoskentely-kanssamme\/#primaryimage"},"image":{"@id":"https:\/\/www.vasavind.se\/fi\/ota-yhteytta\/tyoskentely-kanssamme\/#primaryimage"},"thumbnailUrl":"https:\/\/www.vasavind.se\/wp-content\/uploads\/2024\/05\/DSC08672-scaled.jpg","datePublished":"2023-09-25T10:31:13+00:00","dateModified":"2024-03-21T10:23:13+00:00","breadcrumb":{"@id":"https:\/\/www.vasavind.se\/fi\/ota-yhteytta\/tyoskentely-kanssamme\/#breadcrumb"},"inLanguage":"fi","potentialAction":[{"@type":"ReadAction","target":["https:\/\/www.vasavind.se\/fi\/ota-yhteytta\/tyoskentely-kanssamme\/"]}]},{"@type":"ImageObject","inLanguage":"fi","@id":"https:\/\/www.vasavind.se\/fi\/ota-yhteytta\/tyoskentely-kanssamme\/#primaryimage","url":"https:\/\/www.vasavind.se\/wp-content\/uploads\/2024\/05\/DSC08672-scaled.jpg","contentUrl":"https:\/\/www.vasavind.se\/wp-content\/uploads\/2024\/05\/DSC08672-scaled.jpg","width":2560,"height":1707},{"@type":"BreadcrumbList","@id":"https:\/\/www.vasavind.se\/fi\/ota-yhteytta\/tyoskentely-kanssamme\/#breadcrumb","itemListElement":[{"@type":"ListItem","position":1,"name":"Hem","item":"https:\/\/www.vasavind.se\/"},{"@type":"ListItem","position":2,"name":"Soita meille","item":"https:\/\/www.vasavind.se\/fi\/ota-yhteytta\/"},{"@type":"ListItem","position":3,"name":"Meille t\u00f6ihin"}]},{"@type":"WebSite","@id":"https:\/\/www.vasavind.se\/#website","url":"https:\/\/www.vasavind.se\/","name":"Vasa Vind","description":"F\u00f6rnybar energi f\u00f6r en h\u00e5llbar framtid","publisher":{"@id":"https:\/\/www.vasavind.se\/#organization"},"potentialAction":[{"@type":"SearchAction","target":{"@type":"EntryPoint","urlTemplate":"https:\/\/www.vasavind.se\/?s={search_term_string}"},"query-input":{"@type":"PropertyValueSpecification","valueRequired":true,"valueName":"search_term_string"}}],"inLanguage":"fi"},{"@type":"Organization","@id":"https:\/\/www.vasavind.se\/#organization","name":"Vasa Vind","url":"https:\/\/www.vasavind.se\/","logo":{"@type":"ImageObject","inLanguage":"fi","@id":"https:\/\/www.vasavind.se\/#\/schema\/logo\/image\/","url":"https:\/\/www.vasavind.se\/wp-content\/uploads\/2023\/09\/vasavind.png","contentUrl":"https:\/\/www.vasavind.se\/wp-content\/uploads\/2023\/09\/vasavind.png","width":1063,"height":368,"caption":"Vasa Vind"},"image":{"@id":"https:\/\/www.vasavind.se\/#\/schema\/logo\/image\/"}}]}},"_links":{"self":[{"href":"https:\/\/www.vasavind.se\/fi\/wp-json\/wp\/v2\/pages\/1937","targetHints":{"allow":["GET"]}}],"collection":[{"href":"https:\/\/www.vasavind.se\/fi\/wp-json\/wp\/v2\/pages"}],"about":[{"href":"https:\/\/www.vasavind.se\/fi\/wp-json\/wp\/v2\/types\/page"}],"author":[{"embeddable":true,"href":"https:\/\/www.vasavind.se\/fi\/wp-json\/wp\/v2\/users\/1"}],"replies":[{"embeddable":true,"href":"https:\/\/www.vasavind.se\/fi\/wp-json\/wp\/v2\/comments?post=1937"}],"version-history":[{"count":11,"href":"https:\/\/www.vasavind.se\/fi\/wp-json\/wp\/v2\/pages\/1937\/revisions"}],"predecessor-version":[{"id":4027,"href":"https:\/\/www.vasavind.se\/fi\/wp-json\/wp\/v2\/pages\/1937\/revisions\/4027"}],"up":[{"embeddable":true,"href":"https:\/\/www.vasavind.se\/fi\/wp-json\/wp\/v2\/pages\/1986"}],"wp:featuredmedia":[{"embeddable":true,"href":"https:\/\/www.vasavind.se\/fi\/wp-json\/wp\/v2\/media\/4291"}],"wp:attachment":[{"href":"https:\/\/www.vasavind.se\/fi\/wp-json\/wp\/v2\/media?parent=1937"}],"curies":[{"name":"wp","href":"https:\/\/api.w.org\/{rel}","templated":true}]}}