{"id":651,"date":"2023-09-10T19:00:42","date_gmt":"2023-09-10T17:00:42","guid":{"rendered":"https:\/\/www.vasavind.se\/om-oss\/"},"modified":"2024-07-01T12:07:34","modified_gmt":"2024-07-01T10:07:34","slug":"om-oss","status":"publish","type":"page","link":"https:\/\/www.vasavind.se\/en\/om-oss\/","title":{"rendered":"About us"},"content":{"rendered":"\t\t<div data-elementor-type=\"wp-page\" data-elementor-id=\"651\" class=\"elementor elementor-651 elementor-273\" data-elementor-post-type=\"page\">\n\t\t\t\t\t\t<section class=\"elementor-section elementor-top-section elementor-element elementor-element-38c315e elementor-section-height-min-height elementor-section-boxed elementor-section-height-default elementor-section-items-middle\" data-id=\"38c315e\" data-element_type=\"section\" data-e-type=\"section\" data-settings=\"{&quot;background_background&quot;:&quot;classic&quot;}\">\n\t\t\t\t\t\t\t<div class=\"elementor-background-overlay\"><\/div>\n\t\t\t\t\t\t\t<div class=\"elementor-container elementor-column-gap-wider\">\n\t\t\t\t\t<div class=\"elementor-column elementor-col-100 elementor-top-column elementor-element elementor-element-d1a6534\" data-id=\"d1a6534\" data-element_type=\"column\" data-e-type=\"column\">\n\t\t\t<div class=\"elementor-widget-wrap elementor-element-populated\">\n\t\t\t\t\t\t<div class=\"elementor-element elementor-element-5a73088 elementor-widget elementor-widget-heading\" data-id=\"5a73088\" data-element_type=\"widget\" data-e-type=\"widget\" data-widget_type=\"heading.default\">\n\t\t\t\t<div class=\"elementor-widget-container\">\n\t\t\t\t\t<h1 class=\"elementor-heading-title elementor-size-default\">About us<\/h1>\t\t\t\t<\/div>\n\t\t\t\t<\/div>\n\t\t\t\t\t<\/div>\n\t\t<\/div>\n\t\t\t\t\t<\/div>\n\t\t<\/section>\n\t\t\t\t<section class=\"elementor-section elementor-top-section elementor-element elementor-element-195cd2b elementor-section-boxed elementor-section-height-default elementor-section-height-default\" data-id=\"195cd2b\" data-element_type=\"section\" data-e-type=\"section\" data-settings=\"{&quot;background_background&quot;:&quot;classic&quot;}\">\n\t\t\t\t\t\t<div class=\"elementor-container elementor-column-gap-wider\">\n\t\t\t\t\t<div class=\"elementor-column elementor-col-100 elementor-top-column elementor-element elementor-element-07a0b51\" data-id=\"07a0b51\" data-element_type=\"column\" data-e-type=\"column\">\n\t\t\t<div class=\"elementor-widget-wrap elementor-element-populated\">\n\t\t\t\t\t\t<div class=\"elementor-element elementor-element-eae9f21 elementor-widget elementor-widget-heading\" data-id=\"eae9f21\" data-element_type=\"widget\" data-e-type=\"widget\" data-widget_type=\"heading.default\">\n\t\t\t\t<div class=\"elementor-widget-container\">\n\t\t\t\t\t<h2 class=\"elementor-heading-title elementor-size-default\">Sustainable and efficient wind energy projects  <\/h2>\t\t\t\t<\/div>\n\t\t\t\t<\/div>\n\t\t\t\t<div class=\"elementor-element elementor-element-c0efeb3 elementor-widget elementor-widget-text-editor\" data-id=\"c0efeb3\" data-element_type=\"widget\" data-e-type=\"widget\" data-widget_type=\"text-editor.default\">\n\t\t\t\t<div class=\"elementor-widget-container\">\n\t\t\t\t\t\t\t\t\t<p>Vasa Vind has been active in the market since 2008 and is today one of Sweden&#8217;s leading wind power companies. Our activities cover the whole chain from development and construction to operational management. Our goal is to always operate wind energy projects in an efficient and sustainable way, with responsible development that takes into account the environment and surroundings. At the same time, health and safety is a top priority and permeates all our activities.<\/p>\n<p>Our wind farms produce more than 1.4 TWh of renewable energy annually. This corresponds to the household electricity needs of around 280,000 Swedish households*, which is about one percent of Sweden&#8217;s total electricity consumption and just over four percent of Sweden&#8217;s wind power production**.<\/p>\n<p>We take a long-term sustainability perspective on everything we do throughout the process &#8211; from identifying sites with really good wind resources and local conditions, to safely and efficiently operating the completed wind farms for the decades they contribute to society with renewable energy.<\/p>\n<p>* Estimated 5,000 kWh\/year per house.<br \/>** Compared to Energif\u00f6retagen and Statistics Sweden: 34 TWh wind power electricity in 2024 and 176 TWh total electricity consumption in 2022.<\/p>\n\t\t\t\t\t\t\t\t<\/div>\n\t\t\t\t<\/div>\n\t\t\t\t\t<\/div>\n\t\t<\/div>\n\t\t\t\t\t<\/div>\n\t\t<\/section>\n\t\t\t\t<section class=\"elementor-section elementor-top-section elementor-element elementor-element-f6b22aa elementor-reverse-mobile elementor-section-boxed elementor-section-height-default elementor-section-height-default\" data-id=\"f6b22aa\" data-element_type=\"section\" data-e-type=\"section\" data-settings=\"{&quot;background_background&quot;:&quot;classic&quot;}\">\n\t\t\t\t\t\t<div class=\"elementor-container elementor-column-gap-wider\">\n\t\t\t\t\t<div class=\"elementor-column elementor-col-100 elementor-top-column elementor-element elementor-element-87db408\" data-id=\"87db408\" data-element_type=\"column\" data-e-type=\"column\">\n\t\t\t<div class=\"elementor-widget-wrap elementor-element-populated\">\n\t\t\t\t\t\t<div class=\"elementor-element elementor-element-588652b elementor-widget elementor-widget-heading\" data-id=\"588652b\" data-element_type=\"widget\" data-e-type=\"widget\" data-widget_type=\"heading.default\">\n\t\t\t\t<div class=\"elementor-widget-container\">\n\t\t\t\t\t<h2 class=\"elementor-heading-title elementor-size-default\">From A to Z<\/h2>\t\t\t\t<\/div>\n\t\t\t\t<\/div>\n\t\t\t\t<div class=\"elementor-element elementor-element-fe0b544 elementor-widget elementor-widget-text-editor\" data-id=\"fe0b544\" data-element_type=\"widget\" data-e-type=\"widget\" data-widget_type=\"text-editor.default\">\n\t\t\t\t<div class=\"elementor-widget-container\">\n\t\t\t\t\t\t\t\t\t<p>We work with the whole chain, from the very early stages of wind power projects to the permitting process, design, investment decisions and construction and finally management.<\/p>\n\t\t\t\t\t\t\t\t<\/div>\n\t\t\t\t<\/div>\n\t\t\t\t\t<\/div>\n\t\t<\/div>\n\t\t\t\t\t<\/div>\n\t\t<\/section>\n\t\t\t\t<section class=\"elementor-section elementor-top-section elementor-element elementor-element-1d47f2f elementor-section-boxed elementor-section-height-default elementor-section-height-default\" data-id=\"1d47f2f\" data-element_type=\"section\" data-e-type=\"section\">\n\t\t\t\t\t\t<div class=\"elementor-container elementor-column-gap-wider\">\n\t\t\t\t\t<div class=\"elementor-column elementor-col-33 elementor-top-column elementor-element elementor-element-766bdd7\" data-id=\"766bdd7\" data-element_type=\"column\" data-e-type=\"column\">\n\t\t\t<div class=\"elementor-widget-wrap elementor-element-populated\">\n\t\t\t\t\t\t<div class=\"elementor-element elementor-element-7abfaa0 elementor-view-stacked elementor-shape-circle elementor-widget elementor-widget-icon\" data-id=\"7abfaa0\" data-element_type=\"widget\" data-e-type=\"widget\" data-widget_type=\"icon.default\">\n\t\t\t\t<div class=\"elementor-widget-container\">\n\t\t\t\t\t\t\t<div class=\"elementor-icon-wrapper\">\n\t\t\t<div class=\"elementor-icon\">\n\t\t\t<svg xmlns=\"http:\/\/www.w3.org\/2000\/svg\" xmlns:xlink=\"http:\/\/www.w3.org\/1999\/xlink\" id=\"Lager_1\" x=\"0px\" y=\"0px\" viewBox=\"0 0 86 73\" style=\"enable-background:new 0 0 86 73;\" xml:space=\"preserve\"><style type=\"text\/css\">\t.st0{fill:none;stroke:#1D1D1D;stroke-width:2;stroke-linecap:round;stroke-linejoin:round;stroke-miterlimit:10;}<\/style><g>\t<g>\t\t<polyline class=\"st0\" points=\"72.78,45.32 72.78,15.61 10.6,15.61   \"><\/polyline>\t\t<path class=\"st0\" d=\"M10.6,1.84v51.09H7.48c-3.34,0-6.05,2.71-6.05,6.05c0,3.34,2.71,6.05,6.05,6.05h45.39\"><\/path>\t\t<line class=\"st0\" x1=\"1.43\" y1=\"27.23\" x2=\"1.43\" y2=\"58.98\"><\/line>\t\t<polyline class=\"st0\" points=\"22.05,49.9 19.12,49.9 19.12,24.2 54.52,24.2 54.52,28.5   \"><\/polyline>\t\t<polyline class=\"st0\" points=\"54.52,34.5 54.52,49.9 28.05,49.9   \"><\/polyline>\t\t<line class=\"st0\" x1=\"33.51\" y1=\"24.2\" x2=\"33.51\" y2=\"28.56\"><\/line>\t\t<line class=\"st0\" x1=\"33.51\" y1=\"34.56\" x2=\"33.51\" y2=\"49.9\"><\/line>\t\t<line class=\"st0\" x1=\"19.12\" y1=\"38.58\" x2=\"27.51\" y2=\"38.58\"><\/line>\t\t<line class=\"st0\" x1=\"33.51\" y1=\"38.58\" x2=\"43.59\" y2=\"38.58\"><\/line>\t\t<line class=\"st0\" x1=\"49.59\" y1=\"38.58\" x2=\"54.52\" y2=\"38.58\"><\/line>\t\t<polygon class=\"st0\" points=\"46.4,71.42 83.76,71.42 83.76,34.45   \"><\/polygon>\t\t<polygon class=\"st0\" points=\"76.48,64.13 76.48,51.9 64.12,64.13   \"><\/polygon>\t\t<line class=\"st0\" x1=\"61.61\" y1=\"22.98\" x2=\"61.61\" y2=\"49.9\"><\/line>\t\t<line class=\"st0\" x1=\"19.12\" y1=\"57.17\" x2=\"54.52\" y2=\"57.17\"><\/line>\t<\/g>\t<path class=\"st0\" d=\"M10.6,1.84H7.48c-3.34,0-6.05,2.71-6.05,6.05v10.98\"><\/path><\/g><\/svg>\t\t\t<\/div>\n\t\t<\/div>\n\t\t\t\t\t\t<\/div>\n\t\t\t\t<\/div>\n\t\t\t\t<div class=\"elementor-element elementor-element-d45a4d2 elementor-widget__width-initial elementor-widget elementor-widget-heading\" data-id=\"d45a4d2\" data-element_type=\"widget\" data-e-type=\"widget\" data-widget_type=\"heading.default\">\n\t\t\t\t<div class=\"elementor-widget-container\">\n\t\t\t\t\t<h3 class=\"elementor-heading-title elementor-size-default\">Development<\/h3>\t\t\t\t<\/div>\n\t\t\t\t<\/div>\n\t\t\t\t<div class=\"elementor-element elementor-element-dedcc5c elementor-widget elementor-widget-text-editor\" data-id=\"dedcc5c\" data-element_type=\"widget\" data-e-type=\"widget\" data-widget_type=\"text-editor.default\">\n\t\t\t\t<div class=\"elementor-widget-container\">\n\t\t\t\t\t\t\t\t\t<ul>\n<li>Leases and land issues<\/li>\n<li>Local dialogues<\/li>\n<li>Permit processes<\/li>\n<li>Environmental studies<\/li>\n<li>Wind measurements and production evaluations<\/li>\n<li>Network connection<\/li>\n<li>Cooperation with other project developers<\/li>\n<li>Acquisition of development projects<\/li>\n<li>Financing<\/li>\n<\/ul>\n\t\t\t\t\t\t\t\t<\/div>\n\t\t\t\t<\/div>\n\t\t\t\t\t<\/div>\n\t\t<\/div>\n\t\t\t\t<div class=\"elementor-column elementor-col-33 elementor-top-column elementor-element elementor-element-8aa9863\" data-id=\"8aa9863\" data-element_type=\"column\" data-e-type=\"column\">\n\t\t\t<div class=\"elementor-widget-wrap elementor-element-populated\">\n\t\t\t\t\t\t<div class=\"elementor-element elementor-element-53bb8a1 elementor-view-stacked elementor-shape-circle elementor-widget elementor-widget-icon\" data-id=\"53bb8a1\" data-element_type=\"widget\" data-e-type=\"widget\" data-widget_type=\"icon.default\">\n\t\t\t\t<div class=\"elementor-widget-container\">\n\t\t\t\t\t\t\t<div class=\"elementor-icon-wrapper\">\n\t\t\t<div class=\"elementor-icon\">\n\t\t\t<svg xmlns=\"http:\/\/www.w3.org\/2000\/svg\" xmlns:xlink=\"http:\/\/www.w3.org\/1999\/xlink\" id=\"Lager_1\" x=\"0px\" y=\"0px\" viewBox=\"0 0 105.5 80.5\" style=\"enable-background:new 0 0 105.5 80.5;\" xml:space=\"preserve\"><style type=\"text\/css\">\t.st0{fill:none;stroke:#1D1D1D;stroke-width:2;stroke-linecap:round;stroke-linejoin:round;stroke-miterlimit:10;}<\/style><g>\t<path class=\"st0\" d=\"M49.26,22.83v20.77c0,1.88,1.52,3.4,3.4,3.4h8.15\"><\/path>\t<line class=\"st0\" x1=\"21.52\" y1=\"72.27\" x2=\"54.1\" y2=\"72.27\"><\/line>\t<path class=\"st0\" d=\"M36.62,48.87V22.83h22.88l1.11,19.91C61.03,48.4,60.82,54.09,60,59.7H1.28v-17.6h22.58l1.95,6.76H36.62z\"><\/path>\t<g>\t\t<line class=\"st0\" x1=\"25.81\" y1=\"59.7\" x2=\"25.81\" y2=\"65.04\"><\/line>\t\t<line class=\"st0\" x1=\"49.82\" y1=\"59.7\" x2=\"49.82\" y2=\"65.04\"><\/line>\t<\/g>\t<line class=\"st0\" x1=\"93.58\" y1=\"36.74\" x2=\"67.91\" y2=\"13.49\"><\/line>\t<path class=\"st0\" d=\"M43.41,22.83L64.53,2.86c2.04-1.93,5.26-1.78,7.11,0.33l32.51,30.46v9.65h-4.05\"><\/path>\t<line class=\"st0\" x1=\"71.64\" y1=\"3.19\" x2=\"60.17\" y2=\"34.84\"><\/line>\t<path class=\"st0\" d=\"M100.1,40.37v10.35l-4.58,4.07H75.85l17.72-18.04h2.89C98.47,36.74,100.1,38.37,100.1,40.37z\"><\/path>\t<line class=\"st0\" x1=\"74.24\" y1=\"53.86\" x2=\"75.85\" y2=\"54.78\"><\/line>\t<polyline class=\"st0\" points=\"78.47,52.12 78.47,46.99 83.01,40.21 88.94,41.47  \"><\/polyline>\t<g>\t\t<line class=\"st0\" x1=\"65.11\" y1=\"78.97\" x2=\"10.52\" y2=\"78.97\"><\/line>\t\t<path class=\"st0\" d=\"M8.74,70.15l11.34-4.75c0.56-0.24,1.16-0.36,1.77-0.36h31.91c0.61,0,1.21,0.12,1.77,0.36l11.34,4.75\"><\/path>\t\t<path class=\"st0\" d=\"M15.1,74.38c0,2.53-2.05,4.59-4.59,4.59s-4.59-2.05-4.59-4.59c0-2.53,2.05-4.59,4.59-4.59   S15.1,71.85,15.1,74.38z\"><\/path>\t\t<path class=\"st0\" d=\"M60.52,74.38c0,2.53,2.05,4.59,4.59,4.59c2.53,0,4.59-2.05,4.59-4.59c0-2.53-2.05-4.59-4.59-4.59   C62.58,69.79,60.52,71.85,60.52,74.38z\"><\/path>\t<\/g><\/g><\/svg>\t\t\t<\/div>\n\t\t<\/div>\n\t\t\t\t\t\t<\/div>\n\t\t\t\t<\/div>\n\t\t\t\t<div class=\"elementor-element elementor-element-7a62c50 elementor-widget elementor-widget-heading\" data-id=\"7a62c50\" data-element_type=\"widget\" data-e-type=\"widget\" data-widget_type=\"heading.default\">\n\t\t\t\t<div class=\"elementor-widget-container\">\n\t\t\t\t\t<h3 class=\"elementor-heading-title elementor-size-default\">Construction<\/h3>\t\t\t\t<\/div>\n\t\t\t\t<\/div>\n\t\t\t\t<div class=\"elementor-element elementor-element-181a0af elementor-widget elementor-widget-text-editor\" data-id=\"181a0af\" data-element_type=\"widget\" data-e-type=\"widget\" data-widget_type=\"text-editor.default\">\n\t\t\t\t<div class=\"elementor-widget-container\">\n\t\t\t\t\t\t\t\t\t<ul>\n<li>Procurement of suppliers<\/li>\n<li>Negotiation of turbine and other construction contracts<\/li>\n<li>Construction management and coordination<\/li>\n<li>A good work environment<\/li>\n<li>Turbine testing and trial operation<\/li>\n<li>Financial administration<\/li>\n<\/ul>\n\t\t\t\t\t\t\t\t<\/div>\n\t\t\t\t<\/div>\n\t\t\t\t\t<\/div>\n\t\t<\/div>\n\t\t\t\t<div class=\"elementor-column elementor-col-33 elementor-top-column elementor-element elementor-element-f00d09c\" data-id=\"f00d09c\" data-element_type=\"column\" data-e-type=\"column\">\n\t\t\t<div class=\"elementor-widget-wrap elementor-element-populated\">\n\t\t\t\t\t\t<div class=\"elementor-element elementor-element-7bb6150 elementor-view-stacked elementor-shape-circle elementor-widget elementor-widget-icon\" data-id=\"7bb6150\" data-element_type=\"widget\" data-e-type=\"widget\" data-widget_type=\"icon.default\">\n\t\t\t\t<div class=\"elementor-widget-container\">\n\t\t\t\t\t\t\t<div class=\"elementor-icon-wrapper\">\n\t\t\t<div class=\"elementor-icon\">\n\t\t\t<svg xmlns=\"http:\/\/www.w3.org\/2000\/svg\" xmlns:xlink=\"http:\/\/www.w3.org\/1999\/xlink\" id=\"Lager_1\" x=\"0px\" y=\"0px\" viewBox=\"0 0 81.5 80.5\" style=\"enable-background:new 0 0 81.5 80.5;\" xml:space=\"preserve\"><style type=\"text\/css\">\t.st0{fill:none;stroke:#1D1D1D;stroke-width:2;stroke-linecap:round;stroke-linejoin:round;stroke-miterlimit:10;}<\/style><g id=\"wind_turbine_Windmill\">\t<path class=\"st0\" d=\"M15.22,31.99c0.54,1.39,1.89,2.38,3.47,2.38c2.05,0,3.72-1.66,3.72-3.72s-1.66-3.72-3.72-3.72H2.59\"><\/path>\t<circle class=\"st0\" cx=\"40.99\" cy=\"36.85\" r=\"3.72\"><\/circle>\t<path class=\"st0\" d=\"M44.7,36.47V4.77c0-1.43-1.16-2.6-2.6-2.6l0,0c-1.34,0-2.46,1.02-2.58,2.35L37.27,27.8l1.24,4.95\"><\/path>\t<path class=\"st0\" d=\"M38.8,33.82L11.34,49.67c-1.24,0.72-1.67,2.31-0.95,3.55l0,0c0.67,1.16,2.11,1.62,3.32,1.06l21.29-9.69  l3.67-3.55\"><\/path>\t<path class=\"st0\" d=\"M39.46,40.26l27.46,15.85c1.24,0.72,2.83,0.29,3.55-0.95l0,0c0.67-1.16,0.35-2.63-0.74-3.41L50.68,38.16  l-4.91-1.4\"><\/path>\t<polyline class=\"st0\" points=\"37.27,49.23 36.03,78.96 45.94,78.96 44.7,49.23  \"><\/polyline>\t<path class=\"st0\" d=\"M31.08,71.53c-18.51,1.55-28.49,7.43-28.49,7.43\"><\/path>\t<path class=\"st0\" d=\"M79.38,78.96c0,0-9.98-5.88-28.49-7.43\"><\/path>\t<path class=\"st0\" d=\"M21.17,17.03c0-2.74,2.22-4.95,4.95-4.95c2.74,0,4.95,2.22,4.95,4.95s-2.22,4.95-4.95,4.95H5.07\"><\/path><\/g><\/svg>\t\t\t<\/div>\n\t\t<\/div>\n\t\t\t\t\t\t<\/div>\n\t\t\t\t<\/div>\n\t\t\t\t<div class=\"elementor-element elementor-element-b1456b4 elementor-widget elementor-widget-heading\" data-id=\"b1456b4\" data-element_type=\"widget\" data-e-type=\"widget\" data-widget_type=\"heading.default\">\n\t\t\t\t<div class=\"elementor-widget-container\">\n\t\t\t\t\t<h3 class=\"elementor-heading-title elementor-size-default\">Operation<\/h3>\t\t\t\t<\/div>\n\t\t\t\t<\/div>\n\t\t\t\t<div class=\"elementor-element elementor-element-be4372a elementor-widget elementor-widget-text-editor\" data-id=\"be4372a\" data-element_type=\"widget\" data-e-type=\"widget\" data-widget_type=\"text-editor.default\">\n\t\t\t\t<div class=\"elementor-widget-container\">\n\t\t\t\t\t\t\t\t\t<ul>\n<li>Operational monitoring and local presence<\/li>\n<li>Optimization and analysis<\/li>\n<li>Inspection<\/li>\n<li>Reporting<\/li>\n<li>Management of subcontractors<\/li>\n<li>A good work environment<\/li>\n<li>Financial administration<\/li>\n<\/ul>\n\t\t\t\t\t\t\t\t<\/div>\n\t\t\t\t<\/div>\n\t\t\t\t\t<\/div>\n\t\t<\/div>\n\t\t\t\t\t<\/div>\n\t\t<\/section>\n\t\t\t\t<\/div>\n\t\t","protected":false},"excerpt":{"rendered":"<p>About us Sustainable and efficient wind energy projects Vasa Vind has been active in the market since 2008 and is today one of Sweden&#8217;s leading wind power companies. Our activities cover the whole chain from development and construction to operational management. Our goal is to always operate wind energy projects in an efficient and sustainable [&hellip;]<\/p>\n","protected":false},"author":1,"featured_media":0,"parent":0,"menu_order":0,"comment_status":"closed","ping_status":"closed","template":"","meta":{"_acf_changed":false,"footnotes":""},"class_list":["post-651","page","type-page","status-publish","hentry"],"acf":[],"yoast_head":"<!-- This site is optimized with the Yoast SEO plugin v27.3 - https:\/\/yoast.com\/product\/yoast-seo-wordpress\/ -->\n<title>About us - Vasa Vind<\/title>\n<meta name=\"robots\" content=\"index, follow, max-snippet:-1, max-image-preview:large, max-video-preview:-1\" \/>\n<link rel=\"canonical\" href=\"https:\/\/www.vasavind.se\/en\/om-oss\/\" \/>\n<meta property=\"og:locale\" content=\"en_US\" \/>\n<meta property=\"og:type\" content=\"article\" \/>\n<meta property=\"og:title\" content=\"About us - Vasa Vind\" \/>\n<meta property=\"og:description\" content=\"About us Sustainable and efficient wind energy projects Vasa Vind has been active in the market since 2008 and is today one of Sweden&#8217;s leading wind power companies. Our activities cover the whole chain from development and construction to operational management. Our goal is to always operate wind energy projects in an efficient and sustainable [&hellip;]\" \/>\n<meta property=\"og:url\" content=\"https:\/\/www.vasavind.se\/en\/om-oss\/\" \/>\n<meta property=\"og:site_name\" content=\"Vasa Vind\" \/>\n<meta property=\"article:modified_time\" content=\"2024-07-01T10:07:34+00:00\" \/>\n<meta name=\"twitter:card\" content=\"summary_large_image\" \/>\n<meta name=\"twitter:label1\" content=\"Est. reading time\" \/>\n\t<meta name=\"twitter:data1\" content=\"2 minutes\" \/>\n<script type=\"application\/ld+json\" class=\"yoast-schema-graph\">{\"@context\":\"https:\\\/\\\/schema.org\",\"@graph\":[{\"@type\":\"WebPage\",\"@id\":\"https:\\\/\\\/www.vasavind.se\\\/en\\\/om-oss\\\/\",\"url\":\"https:\\\/\\\/www.vasavind.se\\\/en\\\/om-oss\\\/\",\"name\":\"About us - Vasa Vind\",\"isPartOf\":{\"@id\":\"https:\\\/\\\/www.vasavind.se\\\/#website\"},\"datePublished\":\"2023-09-10T17:00:42+00:00\",\"dateModified\":\"2024-07-01T10:07:34+00:00\",\"breadcrumb\":{\"@id\":\"https:\\\/\\\/www.vasavind.se\\\/en\\\/om-oss\\\/#breadcrumb\"},\"inLanguage\":\"en-US\",\"potentialAction\":[{\"@type\":\"ReadAction\",\"target\":[\"https:\\\/\\\/www.vasavind.se\\\/en\\\/om-oss\\\/\"]}]},{\"@type\":\"BreadcrumbList\",\"@id\":\"https:\\\/\\\/www.vasavind.se\\\/en\\\/om-oss\\\/#breadcrumb\",\"itemListElement\":[{\"@type\":\"ListItem\",\"position\":1,\"name\":\"Hem\",\"item\":\"https:\\\/\\\/www.vasavind.se\\\/en\\\/vasa-vind\\\/\"},{\"@type\":\"ListItem\",\"position\":2,\"name\":\"About us\"}]},{\"@type\":\"WebSite\",\"@id\":\"https:\\\/\\\/www.vasavind.se\\\/#website\",\"url\":\"https:\\\/\\\/www.vasavind.se\\\/\",\"name\":\"Vasa Vind\",\"description\":\"F\u00f6rnybar energi f\u00f6r en h\u00e5llbar framtid\",\"publisher\":{\"@id\":\"https:\\\/\\\/www.vasavind.se\\\/#organization\"},\"potentialAction\":[{\"@type\":\"SearchAction\",\"target\":{\"@type\":\"EntryPoint\",\"urlTemplate\":\"https:\\\/\\\/www.vasavind.se\\\/?s={search_term_string}\"},\"query-input\":{\"@type\":\"PropertyValueSpecification\",\"valueRequired\":true,\"valueName\":\"search_term_string\"}}],\"inLanguage\":\"en-US\"},{\"@type\":\"Organization\",\"@id\":\"https:\\\/\\\/www.vasavind.se\\\/#organization\",\"name\":\"Vasa Vind\",\"url\":\"https:\\\/\\\/www.vasavind.se\\\/\",\"logo\":{\"@type\":\"ImageObject\",\"inLanguage\":\"en-US\",\"@id\":\"https:\\\/\\\/www.vasavind.se\\\/#\\\/schema\\\/logo\\\/image\\\/\",\"url\":\"https:\\\/\\\/www.vasavind.se\\\/wp-content\\\/uploads\\\/2023\\\/09\\\/vasavind.png\",\"contentUrl\":\"https:\\\/\\\/www.vasavind.se\\\/wp-content\\\/uploads\\\/2023\\\/09\\\/vasavind.png\",\"width\":1063,\"height\":368,\"caption\":\"Vasa Vind\"},\"image\":{\"@id\":\"https:\\\/\\\/www.vasavind.se\\\/#\\\/schema\\\/logo\\\/image\\\/\"}}]}<\/script>\n<!-- \/ Yoast SEO plugin. -->","yoast_head_json":{"title":"About us - Vasa Vind","robots":{"index":"index","follow":"follow","max-snippet":"max-snippet:-1","max-image-preview":"max-image-preview:large","max-video-preview":"max-video-preview:-1"},"canonical":"https:\/\/www.vasavind.se\/en\/om-oss\/","og_locale":"en_US","og_type":"article","og_title":"About us - Vasa Vind","og_description":"About us Sustainable and efficient wind energy projects Vasa Vind has been active in the market since 2008 and is today one of Sweden&#8217;s leading wind power companies. Our activities cover the whole chain from development and construction to operational management. Our goal is to always operate wind energy projects in an efficient and sustainable [&hellip;]","og_url":"https:\/\/www.vasavind.se\/en\/om-oss\/","og_site_name":"Vasa Vind","article_modified_time":"2024-07-01T10:07:34+00:00","twitter_card":"summary_large_image","twitter_misc":{"Est. reading time":"2 minutes"},"schema":{"@context":"https:\/\/schema.org","@graph":[{"@type":"WebPage","@id":"https:\/\/www.vasavind.se\/en\/om-oss\/","url":"https:\/\/www.vasavind.se\/en\/om-oss\/","name":"About us - Vasa Vind","isPartOf":{"@id":"https:\/\/www.vasavind.se\/#website"},"datePublished":"2023-09-10T17:00:42+00:00","dateModified":"2024-07-01T10:07:34+00:00","breadcrumb":{"@id":"https:\/\/www.vasavind.se\/en\/om-oss\/#breadcrumb"},"inLanguage":"en-US","potentialAction":[{"@type":"ReadAction","target":["https:\/\/www.vasavind.se\/en\/om-oss\/"]}]},{"@type":"BreadcrumbList","@id":"https:\/\/www.vasavind.se\/en\/om-oss\/#breadcrumb","itemListElement":[{"@type":"ListItem","position":1,"name":"Hem","item":"https:\/\/www.vasavind.se\/en\/vasa-vind\/"},{"@type":"ListItem","position":2,"name":"About us"}]},{"@type":"WebSite","@id":"https:\/\/www.vasavind.se\/#website","url":"https:\/\/www.vasavind.se\/","name":"Vasa Vind","description":"F\u00f6rnybar energi f\u00f6r en h\u00e5llbar framtid","publisher":{"@id":"https:\/\/www.vasavind.se\/#organization"},"potentialAction":[{"@type":"SearchAction","target":{"@type":"EntryPoint","urlTemplate":"https:\/\/www.vasavind.se\/?s={search_term_string}"},"query-input":{"@type":"PropertyValueSpecification","valueRequired":true,"valueName":"search_term_string"}}],"inLanguage":"en-US"},{"@type":"Organization","@id":"https:\/\/www.vasavind.se\/#organization","name":"Vasa Vind","url":"https:\/\/www.vasavind.se\/","logo":{"@type":"ImageObject","inLanguage":"en-US","@id":"https:\/\/www.vasavind.se\/#\/schema\/logo\/image\/","url":"https:\/\/www.vasavind.se\/wp-content\/uploads\/2023\/09\/vasavind.png","contentUrl":"https:\/\/www.vasavind.se\/wp-content\/uploads\/2023\/09\/vasavind.png","width":1063,"height":368,"caption":"Vasa Vind"},"image":{"@id":"https:\/\/www.vasavind.se\/#\/schema\/logo\/image\/"}}]}},"_links":{"self":[{"href":"https:\/\/www.vasavind.se\/en\/wp-json\/wp\/v2\/pages\/651","targetHints":{"allow":["GET"]}}],"collection":[{"href":"https:\/\/www.vasavind.se\/en\/wp-json\/wp\/v2\/pages"}],"about":[{"href":"https:\/\/www.vasavind.se\/en\/wp-json\/wp\/v2\/types\/page"}],"author":[{"embeddable":true,"href":"https:\/\/www.vasavind.se\/en\/wp-json\/wp\/v2\/users\/1"}],"replies":[{"embeddable":true,"href":"https:\/\/www.vasavind.se\/en\/wp-json\/wp\/v2\/comments?post=651"}],"version-history":[{"count":46,"href":"https:\/\/www.vasavind.se\/en\/wp-json\/wp\/v2\/pages\/651\/revisions"}],"predecessor-version":[{"id":4370,"href":"https:\/\/www.vasavind.se\/en\/wp-json\/wp\/v2\/pages\/651\/revisions\/4370"}],"wp:attachment":[{"href":"https:\/\/www.vasavind.se\/en\/wp-json\/wp\/v2\/media?parent=651"}],"curies":[{"name":"wp","href":"https:\/\/api.w.org\/{rel}","templated":true}]}}