{"id":3625,"date":"2024-01-04T14:54:35","date_gmt":"2024-01-04T13:54:35","guid":{"rendered":"https:\/\/www.vasavind.se\/?page_id=3625"},"modified":"2024-01-04T15:53:23","modified_gmt":"2024-01-04T14:53:23","slug":"health-and-safety","status":"publish","type":"page","link":"https:\/\/www.vasavind.se\/en\/om-oss\/health-and-safety\/","title":{"rendered":"Health and safety"},"content":{"rendered":"\t\t<div data-elementor-type=\"wp-page\" data-elementor-id=\"3625\" class=\"elementor elementor-3625 elementor-3605\" data-elementor-post-type=\"page\">\n\t\t\t\t\t\t<section class=\"elementor-section elementor-top-section elementor-element elementor-element-03f37d3 elementor-section-height-min-height elementor-section-boxed elementor-section-height-default elementor-section-items-middle\" data-id=\"03f37d3\" data-element_type=\"section\" data-e-type=\"section\" data-settings=\"{&quot;background_background&quot;:&quot;classic&quot;}\">\n\t\t\t\t\t\t\t<div class=\"elementor-background-overlay\"><\/div>\n\t\t\t\t\t\t\t<div class=\"elementor-container elementor-column-gap-wider\">\n\t\t\t\t\t<div class=\"elementor-column elementor-col-100 elementor-top-column elementor-element elementor-element-166c7fb\" data-id=\"166c7fb\" data-element_type=\"column\" data-e-type=\"column\">\n\t\t\t<div class=\"elementor-widget-wrap elementor-element-populated\">\n\t\t\t\t\t\t<div class=\"elementor-element elementor-element-675822e elementor-widget elementor-widget-heading\" data-id=\"675822e\" data-element_type=\"widget\" data-e-type=\"widget\" data-widget_type=\"heading.default\">\n\t\t\t\t<div class=\"elementor-widget-container\">\n\t\t\t\t\t<h1 class=\"elementor-heading-title elementor-size-default\">Health and safety<\/h1>\t\t\t\t<\/div>\n\t\t\t\t<\/div>\n\t\t\t\t\t<\/div>\n\t\t<\/div>\n\t\t\t\t\t<\/div>\n\t\t<\/section>\n\t\t\t\t<section class=\"elementor-section elementor-top-section elementor-element elementor-element-3acbea9 elementor-section-boxed elementor-section-height-default elementor-section-height-default\" data-id=\"3acbea9\" data-element_type=\"section\" data-e-type=\"section\">\n\t\t\t\t\t\t<div class=\"elementor-container elementor-column-gap-wider\">\n\t\t\t\t\t<div class=\"elementor-column elementor-col-50 elementor-top-column elementor-element elementor-element-fd94534\" data-id=\"fd94534\" data-element_type=\"column\" data-e-type=\"column\">\n\t\t\t<div class=\"elementor-widget-wrap elementor-element-populated\">\n\t\t\t\t\t\t<div class=\"elementor-element elementor-element-7408d3d elementor-widget elementor-widget-heading\" data-id=\"7408d3d\" data-element_type=\"widget\" data-e-type=\"widget\" data-widget_type=\"heading.default\">\n\t\t\t\t<div class=\"elementor-widget-container\">\n\t\t\t\t\t<h2 class=\"elementor-heading-title elementor-size-default\">A good work environment<\/h2>\t\t\t\t<\/div>\n\t\t\t\t<\/div>\n\t\t\t\t<div class=\"elementor-element elementor-element-ade1397 elementor-widget elementor-widget-text-editor\" data-id=\"ade1397\" data-element_type=\"widget\" data-e-type=\"widget\" data-widget_type=\"text-editor.default\">\n\t\t\t\t<div class=\"elementor-widget-container\">\n\t\t\t\t\t\t\t\t\t<p>Vasa Vind develops, constructs and operates wind farms in Sweden. In addition to the activities carried out directly by Vasa Vind\u2019s employees, a significant part of the business consists of procuring, evaluating and steering our suppliers who perform a large part of the work in these areas.<\/p>\n<p>As wind power operations by their nature entail a number of potentially very serious hazards and risks, a safe working environment for employees, suppliers and other stakeholders is Vasa Vind\u2019s absolute top priority. We therefore work continuously to develop our work environment management.<\/p>\n<p>Our systematic health and safety work is carried out with the support of the standard ISO 45001 within which Vasa Vind holds certification. <\/p>\n\t\t\t\t\t\t\t\t<\/div>\n\t\t\t\t<\/div>\n\t\t\t\t\t<\/div>\n\t\t<\/div>\n\t\t\t\t<div class=\"elementor-column elementor-col-50 elementor-top-column elementor-element elementor-element-85221a4\" data-id=\"85221a4\" data-element_type=\"column\" data-e-type=\"column\">\n\t\t\t<div class=\"elementor-widget-wrap elementor-element-populated\">\n\t\t\t\t\t\t<div class=\"elementor-element elementor-element-5acea76 elementor-widget elementor-widget-image\" data-id=\"5acea76\" data-element_type=\"widget\" data-e-type=\"widget\" data-widget_type=\"image.default\">\n\t\t\t\t<div class=\"elementor-widget-container\">\n\t\t\t\t\t\t\t\t\t\t\t\t\t\t\t<img fetchpriority=\"high\" decoding=\"async\" width=\"591\" height=\"709\" src=\"https:\/\/www.vasavind.se\/wp-content\/uploads\/2024\/01\/SafetySysCert_ISO45001_col.png\" class=\"attachment-large size-large wp-image-3614\" alt=\"\" srcset=\"https:\/\/www.vasavind.se\/wp-content\/uploads\/2024\/01\/SafetySysCert_ISO45001_col.png 591w, https:\/\/www.vasavind.se\/wp-content\/uploads\/2024\/01\/SafetySysCert_ISO45001_col-250x300.png 250w\" sizes=\"(max-width: 591px) 100vw, 591px\" \/>\t\t\t\t\t\t\t\t\t\t\t\t\t\t\t<\/div>\n\t\t\t\t<\/div>\n\t\t\t\t\t<\/div>\n\t\t<\/div>\n\t\t\t\t\t<\/div>\n\t\t<\/section>\n\t\t\t\t<section class=\"elementor-section elementor-top-section elementor-element elementor-element-80e6bef elementor-section-boxed elementor-section-height-default elementor-section-height-default\" data-id=\"80e6bef\" data-element_type=\"section\" data-e-type=\"section\">\n\t\t\t\t\t\t<div class=\"elementor-container elementor-column-gap-wider\">\n\t\t\t\t\t<div class=\"elementor-column elementor-col-50 elementor-top-column elementor-element elementor-element-a6b3e56\" data-id=\"a6b3e56\" data-element_type=\"column\" data-e-type=\"column\">\n\t\t\t<div class=\"elementor-widget-wrap elementor-element-populated\">\n\t\t\t\t\t\t<div class=\"elementor-element elementor-element-d91ca60 elementor-widget elementor-widget-heading\" data-id=\"d91ca60\" data-element_type=\"widget\" data-e-type=\"widget\" data-widget_type=\"heading.default\">\n\t\t\t\t<div class=\"elementor-widget-container\">\n\t\t\t\t\t<h2 class=\"elementor-heading-title elementor-size-default\">Health &amp; Safety policy<\/h2>\t\t\t\t<\/div>\n\t\t\t\t<\/div>\n\t\t\t\t<div class=\"elementor-element elementor-element-e4ee620 elementor-widget elementor-widget-text-editor\" data-id=\"e4ee620\" data-element_type=\"widget\" data-e-type=\"widget\" data-widget_type=\"text-editor.default\">\n\t\t\t\t<div class=\"elementor-widget-container\">\n\t\t\t\t\t\t\t\t\t<p><span style=\"color: var( --e-global-color-text ); font-family: var( --e-global-typography-text-font-family ), Sans-serif; font-weight: var( --e-global-typography-text-font-weight );\">At Vasa Vind, we therefore work to continuously develop our health and safety work and management system towards the goal of not having any accidents, injuries or cases of work-related illness. A key tool in this work is to set concrete health and safety targets which are continuously followed up on, and where a main theme is to strive to get better every day.<\/span><\/p>\n<p>We meet our goals and make our decisions according to the following guiding principles:<\/p>\n\t\t\t\t\t\t\t\t<\/div>\n\t\t\t\t<\/div>\n\t\t\t\t<div class=\"elementor-element elementor-element-d20915d elementor-widget elementor-widget-heading\" data-id=\"d20915d\" data-element_type=\"widget\" data-e-type=\"widget\" data-widget_type=\"heading.default\">\n\t\t\t\t<div class=\"elementor-widget-container\">\n\t\t\t\t\t<h4 class=\"elementor-heading-title elementor-size-default\">We put safety first<\/h4>\t\t\t\t<\/div>\n\t\t\t\t<\/div>\n\t\t\t\t<div class=\"elementor-element elementor-element-ef1d21b elementor-widget elementor-widget-text-editor\" data-id=\"ef1d21b\" data-element_type=\"widget\" data-e-type=\"widget\" data-widget_type=\"text-editor.default\">\n\t\t\t\t<div class=\"elementor-widget-container\">\n\t\t\t\t\t\t\t\t\t<ul>\n<li>Our highest priority is to provide safe and healthy working conditions.<\/li>\n<li>We work systematically to eliminate hazards and reduce health and safety risks.<\/li>\n<li>We meet applicable legal requirements and other requirements, but strive significantly higher.<\/li>\n<\/ul>\n\t\t\t\t\t\t\t\t<\/div>\n\t\t\t\t<\/div>\n\t\t\t\t<div class=\"elementor-element elementor-element-efe6bba elementor-widget elementor-widget-heading\" data-id=\"efe6bba\" data-element_type=\"widget\" data-e-type=\"widget\" data-widget_type=\"heading.default\">\n\t\t\t\t<div class=\"elementor-widget-container\">\n\t\t\t\t\t<h4 class=\"elementor-heading-title elementor-size-default\">We act with courage and integrity<\/h4>\t\t\t\t<\/div>\n\t\t\t\t<\/div>\n\t\t\t\t<div class=\"elementor-element elementor-element-b809457 elementor-widget elementor-widget-text-editor\" data-id=\"b809457\" data-element_type=\"widget\" data-e-type=\"widget\" data-widget_type=\"text-editor.default\">\n\t\t\t\t<div class=\"elementor-widget-container\">\n\t\t\t\t\t\t\t\t\t<ul>\n<li>We believe that it is every employee\u2019s right and obligation to speak out and stop work that is not safe.<\/li>\n<li>We pay attention and communicate abouts signs of work-related ill health regarding ourselves, among fellow employees and other stakeholders<\/li>\n<li>We take responsibility for how our own behaviour affects our own and others\u2019 work environment.<\/li>\n<\/ul>\n\t\t\t\t\t\t\t\t<\/div>\n\t\t\t\t<\/div>\n\t\t\t\t<div class=\"elementor-element elementor-element-17f6b08 elementor-widget elementor-widget-heading\" data-id=\"17f6b08\" data-element_type=\"widget\" data-e-type=\"widget\" data-widget_type=\"heading.default\">\n\t\t\t\t<div class=\"elementor-widget-container\">\n\t\t\t\t\t<h4 class=\"elementor-heading-title elementor-size-default\">We work together<\/h4>\t\t\t\t<\/div>\n\t\t\t\t<\/div>\n\t\t\t\t<div class=\"elementor-element elementor-element-8b77cc4 elementor-widget elementor-widget-text-editor\" data-id=\"8b77cc4\" data-element_type=\"widget\" data-e-type=\"widget\" data-widget_type=\"text-editor.default\">\n\t\t\t\t<div class=\"elementor-widget-container\">\n\t\t\t\t\t\t\t\t\t<ul>\n<li>Our health and safety work takes place in close consultation and participation with both employees and other stakeholders<\/li>\n<li>We see the strength in the team and work for increased diversity and with absolute zero tolerance for all forms of discrimination and harassment<\/li>\n<li>All employees are actively encouraged to contact management regarding identified shortcomings or opportunities for improvement regarding Vasa Vind\u2019s health &amp; safety work.<\/li>\n<\/ul>\n\t\t\t\t\t\t\t\t<\/div>\n\t\t\t\t<\/div>\n\t\t\t\t\t<\/div>\n\t\t<\/div>\n\t\t\t\t<div class=\"elementor-column elementor-col-50 elementor-top-column elementor-element elementor-element-86edaa3\" data-id=\"86edaa3\" data-element_type=\"column\" data-e-type=\"column\">\n\t\t\t<div class=\"elementor-widget-wrap\">\n\t\t\t\t\t\t\t<\/div>\n\t\t<\/div>\n\t\t\t\t\t<\/div>\n\t\t<\/section>\n\t\t\t\t<\/div>\n\t\t","protected":false},"excerpt":{"rendered":"<p>A good work environment Vasa Vind develops, constructs and operates wind farms in Sweden. In addition to the activities carried out directly by Vasa Vind\u2019s employees, a significant part of the business consists of procuring, evaluating and steering our suppliers who perform a large part of the work in these areas. As wind power operations [&hellip;]<\/p>\n","protected":false},"author":3,"featured_media":3608,"parent":651,"menu_order":0,"comment_status":"closed","ping_status":"closed","template":"","meta":{"_acf_changed":false,"footnotes":""},"class_list":["post-3625","page","type-page","status-publish","has-post-thumbnail","hentry"],"acf":[],"yoast_head":"<!-- This site is optimized with the Yoast SEO plugin v27.3 - https:\/\/yoast.com\/product\/yoast-seo-wordpress\/ -->\n<title>Health and safety - Vasa Vind<\/title>\n<meta name=\"robots\" content=\"index, follow, max-snippet:-1, max-image-preview:large, max-video-preview:-1\" \/>\n<link rel=\"canonical\" href=\"https:\/\/www.vasavind.se\/en\/om-oss\/health-and-safety\/\" \/>\n<meta property=\"og:locale\" content=\"en_US\" \/>\n<meta property=\"og:type\" content=\"article\" \/>\n<meta property=\"og:title\" content=\"Health and safety - Vasa Vind\" \/>\n<meta property=\"og:description\" content=\"A good work environment Vasa Vind develops, constructs and operates wind farms in Sweden. In addition to the activities carried out directly by Vasa Vind\u2019s employees, a significant part of the business consists of procuring, evaluating and steering our suppliers who perform a large part of the work in these areas. As wind power operations [&hellip;]\" \/>\n<meta property=\"og:url\" content=\"https:\/\/www.vasavind.se\/en\/om-oss\/health-and-safety\/\" \/>\n<meta property=\"og:site_name\" content=\"Vasa Vind\" \/>\n<meta property=\"article:modified_time\" content=\"2024-01-04T14:53:23+00:00\" \/>\n<meta property=\"og:image\" content=\"https:\/\/www.vasavind.se\/wp-content\/uploads\/2024\/01\/DSC08347-scaled.jpg\" \/>\n\t<meta property=\"og:image:width\" content=\"2560\" \/>\n\t<meta property=\"og:image:height\" content=\"1707\" \/>\n\t<meta property=\"og:image:type\" content=\"image\/jpeg\" \/>\n<meta name=\"twitter:card\" content=\"summary_large_image\" \/>\n<meta name=\"twitter:label1\" content=\"Est. reading time\" \/>\n\t<meta name=\"twitter:data1\" content=\"2 minutes\" \/>\n<script type=\"application\/ld+json\" class=\"yoast-schema-graph\">{\"@context\":\"https:\\\/\\\/schema.org\",\"@graph\":[{\"@type\":\"WebPage\",\"@id\":\"https:\\\/\\\/www.vasavind.se\\\/en\\\/om-oss\\\/health-and-safety\\\/\",\"url\":\"https:\\\/\\\/www.vasavind.se\\\/en\\\/om-oss\\\/health-and-safety\\\/\",\"name\":\"Health and safety - Vasa Vind\",\"isPartOf\":{\"@id\":\"https:\\\/\\\/www.vasavind.se\\\/#website\"},\"primaryImageOfPage\":{\"@id\":\"https:\\\/\\\/www.vasavind.se\\\/en\\\/om-oss\\\/health-and-safety\\\/#primaryimage\"},\"image\":{\"@id\":\"https:\\\/\\\/www.vasavind.se\\\/en\\\/om-oss\\\/health-and-safety\\\/#primaryimage\"},\"thumbnailUrl\":\"https:\\\/\\\/www.vasavind.se\\\/wp-content\\\/uploads\\\/2024\\\/01\\\/DSC08422-scaled.jpg\",\"datePublished\":\"2024-01-04T13:54:35+00:00\",\"dateModified\":\"2024-01-04T14:53:23+00:00\",\"breadcrumb\":{\"@id\":\"https:\\\/\\\/www.vasavind.se\\\/en\\\/om-oss\\\/health-and-safety\\\/#breadcrumb\"},\"inLanguage\":\"en-US\",\"potentialAction\":[{\"@type\":\"ReadAction\",\"target\":[\"https:\\\/\\\/www.vasavind.se\\\/en\\\/om-oss\\\/health-and-safety\\\/\"]}]},{\"@type\":\"ImageObject\",\"inLanguage\":\"en-US\",\"@id\":\"https:\\\/\\\/www.vasavind.se\\\/en\\\/om-oss\\\/health-and-safety\\\/#primaryimage\",\"url\":\"https:\\\/\\\/www.vasavind.se\\\/wp-content\\\/uploads\\\/2024\\\/01\\\/DSC08422-scaled.jpg\",\"contentUrl\":\"https:\\\/\\\/www.vasavind.se\\\/wp-content\\\/uploads\\\/2024\\\/01\\\/DSC08422-scaled.jpg\",\"width\":2560,\"height\":1707},{\"@type\":\"BreadcrumbList\",\"@id\":\"https:\\\/\\\/www.vasavind.se\\\/en\\\/om-oss\\\/health-and-safety\\\/#breadcrumb\",\"itemListElement\":[{\"@type\":\"ListItem\",\"position\":1,\"name\":\"Hem\",\"item\":\"https:\\\/\\\/www.vasavind.se\\\/en\\\/vasa-vind\\\/\"},{\"@type\":\"ListItem\",\"position\":2,\"name\":\"About us\",\"item\":\"https:\\\/\\\/www.vasavind.se\\\/en\\\/om-oss\\\/\"},{\"@type\":\"ListItem\",\"position\":3,\"name\":\"Health and safety\"}]},{\"@type\":\"WebSite\",\"@id\":\"https:\\\/\\\/www.vasavind.se\\\/#website\",\"url\":\"https:\\\/\\\/www.vasavind.se\\\/\",\"name\":\"Vasa Vind\",\"description\":\"F\u00f6rnybar energi f\u00f6r en h\u00e5llbar framtid\",\"publisher\":{\"@id\":\"https:\\\/\\\/www.vasavind.se\\\/#organization\"},\"potentialAction\":[{\"@type\":\"SearchAction\",\"target\":{\"@type\":\"EntryPoint\",\"urlTemplate\":\"https:\\\/\\\/www.vasavind.se\\\/?s={search_term_string}\"},\"query-input\":{\"@type\":\"PropertyValueSpecification\",\"valueRequired\":true,\"valueName\":\"search_term_string\"}}],\"inLanguage\":\"en-US\"},{\"@type\":\"Organization\",\"@id\":\"https:\\\/\\\/www.vasavind.se\\\/#organization\",\"name\":\"Vasa Vind\",\"url\":\"https:\\\/\\\/www.vasavind.se\\\/\",\"logo\":{\"@type\":\"ImageObject\",\"inLanguage\":\"en-US\",\"@id\":\"https:\\\/\\\/www.vasavind.se\\\/#\\\/schema\\\/logo\\\/image\\\/\",\"url\":\"https:\\\/\\\/www.vasavind.se\\\/wp-content\\\/uploads\\\/2023\\\/09\\\/vasavind.png\",\"contentUrl\":\"https:\\\/\\\/www.vasavind.se\\\/wp-content\\\/uploads\\\/2023\\\/09\\\/vasavind.png\",\"width\":1063,\"height\":368,\"caption\":\"Vasa Vind\"},\"image\":{\"@id\":\"https:\\\/\\\/www.vasavind.se\\\/#\\\/schema\\\/logo\\\/image\\\/\"}}]}<\/script>\n<!-- \/ Yoast SEO plugin. -->","yoast_head_json":{"title":"Health and safety - Vasa Vind","robots":{"index":"index","follow":"follow","max-snippet":"max-snippet:-1","max-image-preview":"max-image-preview:large","max-video-preview":"max-video-preview:-1"},"canonical":"https:\/\/www.vasavind.se\/en\/om-oss\/health-and-safety\/","og_locale":"en_US","og_type":"article","og_title":"Health and safety - Vasa Vind","og_description":"A good work environment Vasa Vind develops, constructs and operates wind farms in Sweden. In addition to the activities carried out directly by Vasa Vind\u2019s employees, a significant part of the business consists of procuring, evaluating and steering our suppliers who perform a large part of the work in these areas. As wind power operations [&hellip;]","og_url":"https:\/\/www.vasavind.se\/en\/om-oss\/health-and-safety\/","og_site_name":"Vasa Vind","article_modified_time":"2024-01-04T14:53:23+00:00","og_image":[{"width":2560,"height":1707,"url":"https:\/\/www.vasavind.se\/wp-content\/uploads\/2024\/01\/DSC08347-scaled.jpg","type":"image\/jpeg"}],"twitter_card":"summary_large_image","twitter_misc":{"Est. reading time":"2 minutes"},"schema":{"@context":"https:\/\/schema.org","@graph":[{"@type":"WebPage","@id":"https:\/\/www.vasavind.se\/en\/om-oss\/health-and-safety\/","url":"https:\/\/www.vasavind.se\/en\/om-oss\/health-and-safety\/","name":"Health and safety - Vasa Vind","isPartOf":{"@id":"https:\/\/www.vasavind.se\/#website"},"primaryImageOfPage":{"@id":"https:\/\/www.vasavind.se\/en\/om-oss\/health-and-safety\/#primaryimage"},"image":{"@id":"https:\/\/www.vasavind.se\/en\/om-oss\/health-and-safety\/#primaryimage"},"thumbnailUrl":"https:\/\/www.vasavind.se\/wp-content\/uploads\/2024\/01\/DSC08422-scaled.jpg","datePublished":"2024-01-04T13:54:35+00:00","dateModified":"2024-01-04T14:53:23+00:00","breadcrumb":{"@id":"https:\/\/www.vasavind.se\/en\/om-oss\/health-and-safety\/#breadcrumb"},"inLanguage":"en-US","potentialAction":[{"@type":"ReadAction","target":["https:\/\/www.vasavind.se\/en\/om-oss\/health-and-safety\/"]}]},{"@type":"ImageObject","inLanguage":"en-US","@id":"https:\/\/www.vasavind.se\/en\/om-oss\/health-and-safety\/#primaryimage","url":"https:\/\/www.vasavind.se\/wp-content\/uploads\/2024\/01\/DSC08422-scaled.jpg","contentUrl":"https:\/\/www.vasavind.se\/wp-content\/uploads\/2024\/01\/DSC08422-scaled.jpg","width":2560,"height":1707},{"@type":"BreadcrumbList","@id":"https:\/\/www.vasavind.se\/en\/om-oss\/health-and-safety\/#breadcrumb","itemListElement":[{"@type":"ListItem","position":1,"name":"Hem","item":"https:\/\/www.vasavind.se\/en\/vasa-vind\/"},{"@type":"ListItem","position":2,"name":"About us","item":"https:\/\/www.vasavind.se\/en\/om-oss\/"},{"@type":"ListItem","position":3,"name":"Health and safety"}]},{"@type":"WebSite","@id":"https:\/\/www.vasavind.se\/#website","url":"https:\/\/www.vasavind.se\/","name":"Vasa Vind","description":"F\u00f6rnybar energi f\u00f6r en h\u00e5llbar framtid","publisher":{"@id":"https:\/\/www.vasavind.se\/#organization"},"potentialAction":[{"@type":"SearchAction","target":{"@type":"EntryPoint","urlTemplate":"https:\/\/www.vasavind.se\/?s={search_term_string}"},"query-input":{"@type":"PropertyValueSpecification","valueRequired":true,"valueName":"search_term_string"}}],"inLanguage":"en-US"},{"@type":"Organization","@id":"https:\/\/www.vasavind.se\/#organization","name":"Vasa Vind","url":"https:\/\/www.vasavind.se\/","logo":{"@type":"ImageObject","inLanguage":"en-US","@id":"https:\/\/www.vasavind.se\/#\/schema\/logo\/image\/","url":"https:\/\/www.vasavind.se\/wp-content\/uploads\/2023\/09\/vasavind.png","contentUrl":"https:\/\/www.vasavind.se\/wp-content\/uploads\/2023\/09\/vasavind.png","width":1063,"height":368,"caption":"Vasa Vind"},"image":{"@id":"https:\/\/www.vasavind.se\/#\/schema\/logo\/image\/"}}]}},"_links":{"self":[{"href":"https:\/\/www.vasavind.se\/en\/wp-json\/wp\/v2\/pages\/3625","targetHints":{"allow":["GET"]}}],"collection":[{"href":"https:\/\/www.vasavind.se\/en\/wp-json\/wp\/v2\/pages"}],"about":[{"href":"https:\/\/www.vasavind.se\/en\/wp-json\/wp\/v2\/types\/page"}],"author":[{"embeddable":true,"href":"https:\/\/www.vasavind.se\/en\/wp-json\/wp\/v2\/users\/3"}],"replies":[{"embeddable":true,"href":"https:\/\/www.vasavind.se\/en\/wp-json\/wp\/v2\/comments?post=3625"}],"version-history":[{"count":17,"href":"https:\/\/www.vasavind.se\/en\/wp-json\/wp\/v2\/pages\/3625\/revisions"}],"predecessor-version":[{"id":3670,"href":"https:\/\/www.vasavind.se\/en\/wp-json\/wp\/v2\/pages\/3625\/revisions\/3670"}],"up":[{"embeddable":true,"href":"https:\/\/www.vasavind.se\/en\/wp-json\/wp\/v2\/pages\/651"}],"wp:featuredmedia":[{"embeddable":true,"href":"https:\/\/www.vasavind.se\/en\/wp-json\/wp\/v2\/media\/3608"}],"wp:attachment":[{"href":"https:\/\/www.vasavind.se\/en\/wp-json\/wp\/v2\/media?parent=3625"}],"curies":[{"name":"wp","href":"https:\/\/api.w.org\/{rel}","templated":true}]}}