{"id":1925,"date":"2023-09-25T13:21:18","date_gmt":"2023-09-25T11:21:18","guid":{"rendered":"https:\/\/www.vasavind.se\/om-oss\/owners\/"},"modified":"2024-01-26T15:12:18","modified_gmt":"2024-01-26T14:12:18","slug":"owners","status":"publish","type":"page","link":"https:\/\/www.vasavind.se\/en\/om-oss\/owners\/","title":{"rendered":"Owners"},"content":{"rendered":"\t\t<div data-elementor-type=\"wp-page\" data-elementor-id=\"1925\" class=\"elementor elementor-1925 elementor-819\" data-elementor-post-type=\"page\">\n\t\t\t\t\t\t<section class=\"elementor-section elementor-top-section elementor-element elementor-element-0b8e826 elementor-section-height-min-height elementor-section-boxed elementor-section-height-default elementor-section-items-middle\" data-id=\"0b8e826\" data-element_type=\"section\" data-e-type=\"section\" data-settings=\"{&quot;background_background&quot;:&quot;classic&quot;}\">\n\t\t\t\t\t\t\t<div class=\"elementor-background-overlay\"><\/div>\n\t\t\t\t\t\t\t<div class=\"elementor-container elementor-column-gap-wider\">\n\t\t\t\t\t<div class=\"elementor-column elementor-col-100 elementor-top-column elementor-element elementor-element-0c332ab\" data-id=\"0c332ab\" data-element_type=\"column\" data-e-type=\"column\">\n\t\t\t<div class=\"elementor-widget-wrap elementor-element-populated\">\n\t\t\t\t\t\t<div class=\"elementor-element elementor-element-6a94ae1 elementor-widget elementor-widget-heading\" data-id=\"6a94ae1\" data-element_type=\"widget\" data-e-type=\"widget\" data-widget_type=\"heading.default\">\n\t\t\t\t<div class=\"elementor-widget-container\">\n\t\t\t\t\t<h1 class=\"elementor-heading-title elementor-size-default\">Our owner<\/h1>\t\t\t\t<\/div>\n\t\t\t\t<\/div>\n\t\t\t\t\t<\/div>\n\t\t<\/div>\n\t\t\t\t\t<\/div>\n\t\t<\/section>\n\t\t\t\t<section class=\"elementor-section elementor-top-section elementor-element elementor-element-87822b0 elementor-section-boxed elementor-section-height-default elementor-section-height-default\" data-id=\"87822b0\" data-element_type=\"section\" data-e-type=\"section\">\n\t\t\t\t\t\t<div class=\"elementor-container elementor-column-gap-wider\">\n\t\t\t\t\t<div class=\"elementor-column elementor-col-50 elementor-top-column elementor-element elementor-element-e360167\" data-id=\"e360167\" data-element_type=\"column\" data-e-type=\"column\">\n\t\t\t<div class=\"elementor-widget-wrap elementor-element-populated\">\n\t\t\t\t\t\t<div class=\"elementor-element elementor-element-bc22186 elementor-widget elementor-widget-text-editor\" data-id=\"bc22186\" data-element_type=\"widget\" data-e-type=\"widget\" data-widget_type=\"text-editor.default\">\n\t\t\t\t<div class=\"elementor-widget-container\">\n\t\t\t\t\t\t\t\t\t<h2>Vasa Vind is owned by APG<\/h2>\n<p><a href=\"http:\/\/www.apg-am.nl\/\">APG<\/a> is the largest pension manager in the Netherlands and manages the pensions of 4.7 million people. The company manages approximately EUR 613 billion (July 2021) in pension assets. APG has been an active infrastructure investor since 2004 and has so far invested around EUR 18 billion and over EUR 6 billion in the energy sector, including several assets in the Nordics. Investments include assets in energy, utilities, telecommunications and transportation infrastructure.<\/p>\n<p>Visit the APG website to find out more: <a href=\"http:\/\/www.apg-am.nl\/en\" target=\"_blank\" rel=\"noopener\">www.apg-am.nl\/en<\/a><\/p>\n\t\t\t\t\t\t\t\t<\/div>\n\t\t\t\t<\/div>\n\t\t\t\t<div class=\"elementor-element elementor-element-6483272 elementor-widget elementor-widget-image\" data-id=\"6483272\" data-element_type=\"widget\" data-e-type=\"widget\" data-widget_type=\"image.default\">\n\t\t\t\t<div class=\"elementor-widget-container\">\n\t\t\t\t\t\t\t\t\t\t\t\t\t\t\t\t<a href=\"http:\/\/www.apg-am.nl\/en\">\n\t\t\t\t\t\t\t<img decoding=\"async\" src=\"https:\/\/www.vasavind.se\/wp-content\/uploads\/elementor\/thumbs\/The_logo_of_APG-qgbgzxewaxkrgfh3hjccdstt34rg9lrp1ppvdkehx6.png\" title=\"The_logo_of_APG\" alt=\"The_logo_of_APG\" loading=\"lazy\" \/>\t\t\t\t\t\t\t\t<\/a>\n\t\t\t\t\t\t\t\t\t\t\t\t\t\t\t<\/div>\n\t\t\t\t<\/div>\n\t\t\t\t\t<\/div>\n\t\t<\/div>\n\t\t\t\t<div class=\"elementor-column elementor-col-50 elementor-top-column elementor-element elementor-element-8062203\" data-id=\"8062203\" data-element_type=\"column\" data-e-type=\"column\">\n\t\t\t<div class=\"elementor-widget-wrap\">\n\t\t\t\t\t\t\t<\/div>\n\t\t<\/div>\n\t\t\t\t\t<\/div>\n\t\t<\/section>\n\t\t\t\t<\/div>\n\t\t","protected":false},"excerpt":{"rendered":"<p>Our owner Vasa Vind is owned by APG APG is the largest pension manager in the Netherlands and manages the pensions of 4.7 million people. The company manages approximately EUR 613 billion (July 2021) in pension assets. APG has been an active infrastructure investor since 2004 and has so far invested around EUR 18 billion [&hellip;]<\/p>\n","protected":false},"author":1,"featured_media":0,"parent":651,"menu_order":0,"comment_status":"closed","ping_status":"closed","template":"","meta":{"_acf_changed":false,"footnotes":""},"class_list":["post-1925","page","type-page","status-publish","hentry"],"acf":[],"yoast_head":"<!-- This site is optimized with the Yoast SEO plugin v27.3 - https:\/\/yoast.com\/product\/yoast-seo-wordpress\/ -->\n<title>Owners - Vasa Vind<\/title>\n<meta name=\"robots\" content=\"index, follow, max-snippet:-1, max-image-preview:large, max-video-preview:-1\" \/>\n<link rel=\"canonical\" href=\"https:\/\/www.vasavind.se\/en\/om-oss\/owners\/\" \/>\n<meta property=\"og:locale\" content=\"en_US\" \/>\n<meta property=\"og:type\" content=\"article\" \/>\n<meta property=\"og:title\" content=\"Owners - Vasa Vind\" \/>\n<meta property=\"og:description\" content=\"Our owner Vasa Vind is owned by APG APG is the largest pension manager in the Netherlands and manages the pensions of 4.7 million people. The company manages approximately EUR 613 billion (July 2021) in pension assets. APG has been an active infrastructure investor since 2004 and has so far invested around EUR 18 billion [&hellip;]\" \/>\n<meta property=\"og:url\" content=\"https:\/\/www.vasavind.se\/en\/om-oss\/owners\/\" \/>\n<meta property=\"og:site_name\" content=\"Vasa Vind\" \/>\n<meta property=\"article:modified_time\" content=\"2024-01-26T14:12:18+00:00\" \/>\n<meta property=\"og:image\" content=\"https:\/\/www.vasavind.se\/wp-content\/uploads\/elementor\/thumbs\/The_logo_of_APG-qgbgzxewaxkrgfh3hjccdstt34rg9lrp1ppvdkehx6.png\" \/>\n<meta name=\"twitter:card\" content=\"summary_large_image\" \/>\n<script type=\"application\/ld+json\" class=\"yoast-schema-graph\">{\"@context\":\"https:\\\/\\\/schema.org\",\"@graph\":[{\"@type\":\"WebPage\",\"@id\":\"https:\\\/\\\/www.vasavind.se\\\/en\\\/om-oss\\\/owners\\\/\",\"url\":\"https:\\\/\\\/www.vasavind.se\\\/en\\\/om-oss\\\/owners\\\/\",\"name\":\"Owners - Vasa Vind\",\"isPartOf\":{\"@id\":\"https:\\\/\\\/www.vasavind.se\\\/#website\"},\"primaryImageOfPage\":{\"@id\":\"https:\\\/\\\/www.vasavind.se\\\/en\\\/om-oss\\\/owners\\\/#primaryimage\"},\"image\":{\"@id\":\"https:\\\/\\\/www.vasavind.se\\\/en\\\/om-oss\\\/owners\\\/#primaryimage\"},\"thumbnailUrl\":\"https:\\\/\\\/www.vasavind.se\\\/wp-content\\\/uploads\\\/elementor\\\/thumbs\\\/The_logo_of_APG-qgbgzxewaxkrgfh3hjccdstt34rg9lrp1ppvdkehx6.png\",\"datePublished\":\"2023-09-25T11:21:18+00:00\",\"dateModified\":\"2024-01-26T14:12:18+00:00\",\"breadcrumb\":{\"@id\":\"https:\\\/\\\/www.vasavind.se\\\/en\\\/om-oss\\\/owners\\\/#breadcrumb\"},\"inLanguage\":\"en-US\",\"potentialAction\":[{\"@type\":\"ReadAction\",\"target\":[\"https:\\\/\\\/www.vasavind.se\\\/en\\\/om-oss\\\/owners\\\/\"]}]},{\"@type\":\"ImageObject\",\"inLanguage\":\"en-US\",\"@id\":\"https:\\\/\\\/www.vasavind.se\\\/en\\\/om-oss\\\/owners\\\/#primaryimage\",\"url\":\"https:\\\/\\\/www.vasavind.se\\\/wp-content\\\/uploads\\\/elementor\\\/thumbs\\\/The_logo_of_APG-qgbgzxewaxkrgfh3hjccdstt34rg9lrp1ppvdkehx6.png\",\"contentUrl\":\"https:\\\/\\\/www.vasavind.se\\\/wp-content\\\/uploads\\\/elementor\\\/thumbs\\\/The_logo_of_APG-qgbgzxewaxkrgfh3hjccdstt34rg9lrp1ppvdkehx6.png\"},{\"@type\":\"BreadcrumbList\",\"@id\":\"https:\\\/\\\/www.vasavind.se\\\/en\\\/om-oss\\\/owners\\\/#breadcrumb\",\"itemListElement\":[{\"@type\":\"ListItem\",\"position\":1,\"name\":\"Hem\",\"item\":\"https:\\\/\\\/www.vasavind.se\\\/en\\\/vasa-vind\\\/\"},{\"@type\":\"ListItem\",\"position\":2,\"name\":\"About us\",\"item\":\"https:\\\/\\\/www.vasavind.se\\\/en\\\/om-oss\\\/\"},{\"@type\":\"ListItem\",\"position\":3,\"name\":\"Owners\"}]},{\"@type\":\"WebSite\",\"@id\":\"https:\\\/\\\/www.vasavind.se\\\/#website\",\"url\":\"https:\\\/\\\/www.vasavind.se\\\/\",\"name\":\"Vasa Vind\",\"description\":\"F\u00f6rnybar energi f\u00f6r en h\u00e5llbar framtid\",\"publisher\":{\"@id\":\"https:\\\/\\\/www.vasavind.se\\\/#organization\"},\"potentialAction\":[{\"@type\":\"SearchAction\",\"target\":{\"@type\":\"EntryPoint\",\"urlTemplate\":\"https:\\\/\\\/www.vasavind.se\\\/?s={search_term_string}\"},\"query-input\":{\"@type\":\"PropertyValueSpecification\",\"valueRequired\":true,\"valueName\":\"search_term_string\"}}],\"inLanguage\":\"en-US\"},{\"@type\":\"Organization\",\"@id\":\"https:\\\/\\\/www.vasavind.se\\\/#organization\",\"name\":\"Vasa Vind\",\"url\":\"https:\\\/\\\/www.vasavind.se\\\/\",\"logo\":{\"@type\":\"ImageObject\",\"inLanguage\":\"en-US\",\"@id\":\"https:\\\/\\\/www.vasavind.se\\\/#\\\/schema\\\/logo\\\/image\\\/\",\"url\":\"https:\\\/\\\/www.vasavind.se\\\/wp-content\\\/uploads\\\/2023\\\/09\\\/vasavind.png\",\"contentUrl\":\"https:\\\/\\\/www.vasavind.se\\\/wp-content\\\/uploads\\\/2023\\\/09\\\/vasavind.png\",\"width\":1063,\"height\":368,\"caption\":\"Vasa Vind\"},\"image\":{\"@id\":\"https:\\\/\\\/www.vasavind.se\\\/#\\\/schema\\\/logo\\\/image\\\/\"}}]}<\/script>\n<!-- \/ Yoast SEO plugin. -->","yoast_head_json":{"title":"Owners - Vasa Vind","robots":{"index":"index","follow":"follow","max-snippet":"max-snippet:-1","max-image-preview":"max-image-preview:large","max-video-preview":"max-video-preview:-1"},"canonical":"https:\/\/www.vasavind.se\/en\/om-oss\/owners\/","og_locale":"en_US","og_type":"article","og_title":"Owners - Vasa Vind","og_description":"Our owner Vasa Vind is owned by APG APG is the largest pension manager in the Netherlands and manages the pensions of 4.7 million people. The company manages approximately EUR 613 billion (July 2021) in pension assets. APG has been an active infrastructure investor since 2004 and has so far invested around EUR 18 billion [&hellip;]","og_url":"https:\/\/www.vasavind.se\/en\/om-oss\/owners\/","og_site_name":"Vasa Vind","article_modified_time":"2024-01-26T14:12:18+00:00","og_image":[{"url":"https:\/\/www.vasavind.se\/wp-content\/uploads\/elementor\/thumbs\/The_logo_of_APG-qgbgzxewaxkrgfh3hjccdstt34rg9lrp1ppvdkehx6.png","type":"","width":"","height":""}],"twitter_card":"summary_large_image","schema":{"@context":"https:\/\/schema.org","@graph":[{"@type":"WebPage","@id":"https:\/\/www.vasavind.se\/en\/om-oss\/owners\/","url":"https:\/\/www.vasavind.se\/en\/om-oss\/owners\/","name":"Owners - Vasa Vind","isPartOf":{"@id":"https:\/\/www.vasavind.se\/#website"},"primaryImageOfPage":{"@id":"https:\/\/www.vasavind.se\/en\/om-oss\/owners\/#primaryimage"},"image":{"@id":"https:\/\/www.vasavind.se\/en\/om-oss\/owners\/#primaryimage"},"thumbnailUrl":"https:\/\/www.vasavind.se\/wp-content\/uploads\/elementor\/thumbs\/The_logo_of_APG-qgbgzxewaxkrgfh3hjccdstt34rg9lrp1ppvdkehx6.png","datePublished":"2023-09-25T11:21:18+00:00","dateModified":"2024-01-26T14:12:18+00:00","breadcrumb":{"@id":"https:\/\/www.vasavind.se\/en\/om-oss\/owners\/#breadcrumb"},"inLanguage":"en-US","potentialAction":[{"@type":"ReadAction","target":["https:\/\/www.vasavind.se\/en\/om-oss\/owners\/"]}]},{"@type":"ImageObject","inLanguage":"en-US","@id":"https:\/\/www.vasavind.se\/en\/om-oss\/owners\/#primaryimage","url":"https:\/\/www.vasavind.se\/wp-content\/uploads\/elementor\/thumbs\/The_logo_of_APG-qgbgzxewaxkrgfh3hjccdstt34rg9lrp1ppvdkehx6.png","contentUrl":"https:\/\/www.vasavind.se\/wp-content\/uploads\/elementor\/thumbs\/The_logo_of_APG-qgbgzxewaxkrgfh3hjccdstt34rg9lrp1ppvdkehx6.png"},{"@type":"BreadcrumbList","@id":"https:\/\/www.vasavind.se\/en\/om-oss\/owners\/#breadcrumb","itemListElement":[{"@type":"ListItem","position":1,"name":"Hem","item":"https:\/\/www.vasavind.se\/en\/vasa-vind\/"},{"@type":"ListItem","position":2,"name":"About us","item":"https:\/\/www.vasavind.se\/en\/om-oss\/"},{"@type":"ListItem","position":3,"name":"Owners"}]},{"@type":"WebSite","@id":"https:\/\/www.vasavind.se\/#website","url":"https:\/\/www.vasavind.se\/","name":"Vasa Vind","description":"F\u00f6rnybar energi f\u00f6r en h\u00e5llbar framtid","publisher":{"@id":"https:\/\/www.vasavind.se\/#organization"},"potentialAction":[{"@type":"SearchAction","target":{"@type":"EntryPoint","urlTemplate":"https:\/\/www.vasavind.se\/?s={search_term_string}"},"query-input":{"@type":"PropertyValueSpecification","valueRequired":true,"valueName":"search_term_string"}}],"inLanguage":"en-US"},{"@type":"Organization","@id":"https:\/\/www.vasavind.se\/#organization","name":"Vasa Vind","url":"https:\/\/www.vasavind.se\/","logo":{"@type":"ImageObject","inLanguage":"en-US","@id":"https:\/\/www.vasavind.se\/#\/schema\/logo\/image\/","url":"https:\/\/www.vasavind.se\/wp-content\/uploads\/2023\/09\/vasavind.png","contentUrl":"https:\/\/www.vasavind.se\/wp-content\/uploads\/2023\/09\/vasavind.png","width":1063,"height":368,"caption":"Vasa Vind"},"image":{"@id":"https:\/\/www.vasavind.se\/#\/schema\/logo\/image\/"}}]}},"_links":{"self":[{"href":"https:\/\/www.vasavind.se\/en\/wp-json\/wp\/v2\/pages\/1925","targetHints":{"allow":["GET"]}}],"collection":[{"href":"https:\/\/www.vasavind.se\/en\/wp-json\/wp\/v2\/pages"}],"about":[{"href":"https:\/\/www.vasavind.se\/en\/wp-json\/wp\/v2\/types\/page"}],"author":[{"embeddable":true,"href":"https:\/\/www.vasavind.se\/en\/wp-json\/wp\/v2\/users\/1"}],"replies":[{"embeddable":true,"href":"https:\/\/www.vasavind.se\/en\/wp-json\/wp\/v2\/comments?post=1925"}],"version-history":[{"count":5,"href":"https:\/\/www.vasavind.se\/en\/wp-json\/wp\/v2\/pages\/1925\/revisions"}],"predecessor-version":[{"id":3829,"href":"https:\/\/www.vasavind.se\/en\/wp-json\/wp\/v2\/pages\/1925\/revisions\/3829"}],"up":[{"embeddable":true,"href":"https:\/\/www.vasavind.se\/en\/wp-json\/wp\/v2\/pages\/651"}],"wp:attachment":[{"href":"https:\/\/www.vasavind.se\/en\/wp-json\/wp\/v2\/media?parent=1925"}],"curies":[{"name":"wp","href":"https:\/\/api.w.org\/{rel}","templated":true}]}}