{"id":1909,"date":"2023-09-25T12:31:13","date_gmt":"2023-09-25T10:31:13","guid":{"rendered":"https:\/\/www.vasavind.se\/kontakt\/working-with-us\/"},"modified":"2023-12-12T09:20:42","modified_gmt":"2023-12-12T08:20:42","slug":"working-with-us","status":"publish","type":"page","link":"https:\/\/www.vasavind.se\/en\/contact-us\/working-with-us\/","title":{"rendered":"Career"},"content":{"rendered":"\t\t<div data-elementor-type=\"wp-page\" data-elementor-id=\"1909\" class=\"elementor elementor-1909 elementor-771\" data-elementor-post-type=\"page\">\n\t\t\t\t\t\t<section class=\"elementor-section elementor-top-section elementor-element elementor-element-dbcc658 elementor-section-height-min-height elementor-section-boxed elementor-section-height-default elementor-section-items-middle\" data-id=\"dbcc658\" data-element_type=\"section\" data-e-type=\"section\" data-settings=\"{&quot;background_background&quot;:&quot;classic&quot;}\">\n\t\t\t\t\t\t<div class=\"elementor-container elementor-column-gap-wider\">\n\t\t\t\t\t<div class=\"elementor-column elementor-col-100 elementor-top-column elementor-element elementor-element-f28ac6b\" data-id=\"f28ac6b\" data-element_type=\"column\" data-e-type=\"column\">\n\t\t\t<div class=\"elementor-widget-wrap elementor-element-populated\">\n\t\t\t\t\t\t<div class=\"elementor-element elementor-element-8066d17 elementor-widget elementor-widget-heading\" data-id=\"8066d17\" data-element_type=\"widget\" data-e-type=\"widget\" data-widget_type=\"heading.default\">\n\t\t\t\t<div class=\"elementor-widget-container\">\n\t\t\t\t\t<h1 class=\"elementor-heading-title elementor-size-default\">Career<\/h1>\t\t\t\t<\/div>\n\t\t\t\t<\/div>\n\t\t\t\t\t<\/div>\n\t\t<\/div>\n\t\t\t\t\t<\/div>\n\t\t<\/section>\n\t\t\t\t<section class=\"elementor-section elementor-top-section elementor-element elementor-element-560591d elementor-section-boxed elementor-section-height-default elementor-section-height-default\" data-id=\"560591d\" data-element_type=\"section\" data-e-type=\"section\" data-settings=\"{&quot;background_background&quot;:&quot;classic&quot;}\">\n\t\t\t\t\t\t<div class=\"elementor-container elementor-column-gap-wider\">\n\t\t\t\t\t<div class=\"elementor-column elementor-col-100 elementor-top-column elementor-element elementor-element-902c231\" data-id=\"902c231\" data-element_type=\"column\" data-e-type=\"column\">\n\t\t\t<div class=\"elementor-widget-wrap elementor-element-populated\">\n\t\t\t\t\t\t<div class=\"elementor-element elementor-element-493f5f1 elementor-widget elementor-widget-heading\" data-id=\"493f5f1\" data-element_type=\"widget\" data-e-type=\"widget\" data-widget_type=\"heading.default\">\n\t\t\t\t<div class=\"elementor-widget-container\">\n\t\t\t\t\t<h1 class=\"elementor-heading-title elementor-size-default\">Open positions at Vasa Vind<\/h1>\t\t\t\t<\/div>\n\t\t\t\t<\/div>\n\t\t\t\t<div class=\"elementor-element elementor-element-25910c6 elementor-grid-3 elementor-grid-tablet-2 elementor-grid-mobile-1 elementor-widget elementor-widget-loop-grid\" data-id=\"25910c6\" data-element_type=\"widget\" data-e-type=\"widget\" data-settings=\"{&quot;template_id&quot;:653,&quot;_skin&quot;:&quot;post&quot;,&quot;columns&quot;:&quot;3&quot;,&quot;columns_tablet&quot;:&quot;2&quot;,&quot;columns_mobile&quot;:&quot;1&quot;,&quot;edit_handle_selector&quot;:&quot;[data-elementor-type=\\&quot;loop-item\\&quot;]&quot;,&quot;row_gap&quot;:{&quot;unit&quot;:&quot;px&quot;,&quot;size&quot;:&quot;&quot;,&quot;sizes&quot;:[]},&quot;row_gap_tablet&quot;:{&quot;unit&quot;:&quot;px&quot;,&quot;size&quot;:&quot;&quot;,&quot;sizes&quot;:[]},&quot;row_gap_mobile&quot;:{&quot;unit&quot;:&quot;px&quot;,&quot;size&quot;:&quot;&quot;,&quot;sizes&quot;:[]}}\" data-widget_type=\"loop-grid.post\">\n\t\t\t\t<div class=\"elementor-widget-container\">\n\t\t\t\t\t\t\t<div class=\"e-loop-nothing-found-message\">\n\t\t<\/div>\n\t\t\t\t\t\t<\/div>\n\t\t\t\t<\/div>\n\t\t\t\t\t<\/div>\n\t\t<\/div>\n\t\t\t\t\t<\/div>\n\t\t<\/section>\n\t\t\t\t<section class=\"elementor-section elementor-top-section elementor-element elementor-element-d39bd8d elementor-section-boxed elementor-section-height-default elementor-section-height-default\" data-id=\"d39bd8d\" data-element_type=\"section\" data-e-type=\"section\" data-settings=\"{&quot;background_background&quot;:&quot;classic&quot;}\">\n\t\t\t\t\t\t<div class=\"elementor-container elementor-column-gap-default\">\n\t\t\t\t\t<div class=\"elementor-column elementor-col-100 elementor-top-column elementor-element elementor-element-e302d4e\" data-id=\"e302d4e\" data-element_type=\"column\" data-e-type=\"column\">\n\t\t\t<div class=\"elementor-widget-wrap elementor-element-populated\">\n\t\t\t\t\t\t<section class=\"elementor-section elementor-inner-section elementor-element elementor-element-dada66b elementor-section-full_width elementor-section-height-default elementor-section-height-default\" data-id=\"dada66b\" data-element_type=\"section\" data-e-type=\"section\" data-settings=\"{&quot;background_background&quot;:&quot;classic&quot;}\">\n\t\t\t\t\t\t<div class=\"elementor-container elementor-column-gap-default\">\n\t\t\t\t\t<div class=\"elementor-column elementor-col-100 elementor-inner-column elementor-element elementor-element-8e1ba8f\" data-id=\"8e1ba8f\" data-element_type=\"column\" data-e-type=\"column\">\n\t\t\t<div class=\"elementor-widget-wrap elementor-element-populated\">\n\t\t\t\t\t\t<div class=\"elementor-element elementor-element-7f02265 elementor-widget elementor-widget-elementor_project_contact\" data-id=\"7f02265\" data-element_type=\"widget\" data-e-type=\"widget\" data-widget_type=\"elementor_project_contact.default\">\n\t\t\t\t<div class=\"elementor-widget-container\">\n\t\t\t\t\t\t\t\t<div class=\"project-contact\">\n\t\t\t\t<div class=\"row\">\n\t\t\t\t\t<div class=\"image\">\n\t\t\t\t\t\t<img fetchpriority=\"high\" decoding=\"async\" width=\"2560\" height=\"1440\" src=\"https:\/\/www.vasavind.se\/wp-content\/uploads\/2023\/09\/Mattias-scaled.jpg\" class=\"attachment-full size-full\" alt=\"\" srcset=\"https:\/\/www.vasavind.se\/wp-content\/uploads\/2023\/09\/Mattias-scaled.jpg 2560w, https:\/\/www.vasavind.se\/wp-content\/uploads\/2023\/09\/Mattias-300x169.jpg 300w, https:\/\/www.vasavind.se\/wp-content\/uploads\/2023\/09\/Mattias-1024x576.jpg 1024w, https:\/\/www.vasavind.se\/wp-content\/uploads\/2023\/09\/Mattias-768x432.jpg 768w, https:\/\/www.vasavind.se\/wp-content\/uploads\/2023\/09\/Mattias-1536x864.jpg 1536w, https:\/\/www.vasavind.se\/wp-content\/uploads\/2023\/09\/Mattias-2048x1152.jpg 2048w\" sizes=\"(max-width: 2560px) 100vw, 2560px\" \/>\t\t\t\t\t<\/div>\n\t\t\t\t\t<div class=\"details\">\n\t\t\t\t\t\t<div class=\"details-wrapper\">\n\t\t\t\t\t\t\t<h2>Spontaneous applications<\/h2><p>Vasa Vind is growing and needs more committed employees.<br>If you are interested in working with us, we are happy to accept spontaneous applications.<\/p><p>If you are interested, please contact our CEO <a href=\"https:\/\/www.vasavind.se\/en\/kontakt\/#employees\">Mattias Sj\u00f6berg<\/a>.  <\/p>\t\t\t\t\t\t\t<div class=\"name\"><\/div>\n\t\t\t\t\t\t\t<div class=\"email\">\n\t\t\t\t\t\t\t\tmattias.sjoberg(at)vasavind.se\t\t\t\t\t\t\t<\/div>\n\t\t\t\t\t\t\t<div class=\"phone\">\n\t\t\t\t\t\t\t\t<a href=\"tel:070 618 69 76\">070 618 69 76<\/a>\n\t\t\t\t\t\t\t<\/div>\n\t\t\t\t\t\t<\/div>\n\t\t\t\t\t<\/div>\n\t\t\t\t<\/div>\n\t\t\t<\/div>\n\n\t\t\t\t<\/div>\n\t\t\t\t<\/div>\n\t\t\t\t\t<\/div>\n\t\t<\/div>\n\t\t\t\t\t<\/div>\n\t\t<\/section>\n\t\t\t\t\t<\/div>\n\t\t<\/div>\n\t\t\t\t\t<\/div>\n\t\t<\/section>\n\t\t\t\t<\/div>\n\t\t","protected":false},"excerpt":{"rendered":"<p>Career Open positions at Vasa Vind Spontaneous applications Vasa Vind is growing and needs more committed employees.If you are interested in working with us, we are happy to accept spontaneous applications. If you are interested, please contact our CEO Mattias Sj\u00f6berg. mattias.sjoberg 070 618 69 76<\/p>\n","protected":false},"author":1,"featured_media":4290,"parent":654,"menu_order":0,"comment_status":"closed","ping_status":"closed","template":"","meta":{"_acf_changed":false,"footnotes":""},"class_list":["post-1909","page","type-page","status-publish","has-post-thumbnail","hentry"],"acf":[],"yoast_head":"<!-- This site is optimized with the Yoast SEO plugin v27.3 - https:\/\/yoast.com\/product\/yoast-seo-wordpress\/ -->\n<title>Career - Vasa Vind<\/title>\n<meta name=\"robots\" content=\"index, follow, max-snippet:-1, max-image-preview:large, max-video-preview:-1\" \/>\n<link rel=\"canonical\" href=\"https:\/\/www.vasavind.se\/en\/contact-us\/working-with-us\/\" \/>\n<meta property=\"og:locale\" content=\"en_US\" \/>\n<meta property=\"og:type\" content=\"article\" \/>\n<meta property=\"og:title\" content=\"Career - Vasa Vind\" \/>\n<meta property=\"og:description\" content=\"Career Open positions at Vasa Vind Spontaneous applications Vasa Vind is growing and needs more committed employees.If you are interested in working with us, we are happy to accept spontaneous applications. If you are interested, please contact our CEO Mattias Sj\u00f6berg. mattias.sjoberg 070 618 69 76\" \/>\n<meta property=\"og:url\" content=\"https:\/\/www.vasavind.se\/en\/contact-us\/working-with-us\/\" \/>\n<meta property=\"og:site_name\" content=\"Vasa Vind\" \/>\n<meta property=\"article:modified_time\" content=\"2023-12-12T08:20:42+00:00\" \/>\n<meta property=\"og:image\" content=\"https:\/\/www.vasavind.se\/wp-content\/uploads\/2023\/09\/Mattias-scaled.jpg\" \/>\n<meta name=\"twitter:card\" content=\"summary_large_image\" \/>\n<script type=\"application\/ld+json\" class=\"yoast-schema-graph\">{\"@context\":\"https:\\\/\\\/schema.org\",\"@graph\":[{\"@type\":\"WebPage\",\"@id\":\"https:\\\/\\\/www.vasavind.se\\\/en\\\/contact-us\\\/working-with-us\\\/\",\"url\":\"https:\\\/\\\/www.vasavind.se\\\/en\\\/contact-us\\\/working-with-us\\\/\",\"name\":\"Career - Vasa Vind\",\"isPartOf\":{\"@id\":\"https:\\\/\\\/www.vasavind.se\\\/#website\"},\"primaryImageOfPage\":{\"@id\":\"https:\\\/\\\/www.vasavind.se\\\/en\\\/contact-us\\\/working-with-us\\\/#primaryimage\"},\"image\":{\"@id\":\"https:\\\/\\\/www.vasavind.se\\\/en\\\/contact-us\\\/working-with-us\\\/#primaryimage\"},\"thumbnailUrl\":\"https:\\\/\\\/www.vasavind.se\\\/wp-content\\\/uploads\\\/2024\\\/05\\\/DSC08672-scaled.jpg\",\"datePublished\":\"2023-09-25T10:31:13+00:00\",\"dateModified\":\"2023-12-12T08:20:42+00:00\",\"breadcrumb\":{\"@id\":\"https:\\\/\\\/www.vasavind.se\\\/en\\\/contact-us\\\/working-with-us\\\/#breadcrumb\"},\"inLanguage\":\"en-US\",\"potentialAction\":[{\"@type\":\"ReadAction\",\"target\":[\"https:\\\/\\\/www.vasavind.se\\\/en\\\/contact-us\\\/working-with-us\\\/\"]}]},{\"@type\":\"ImageObject\",\"inLanguage\":\"en-US\",\"@id\":\"https:\\\/\\\/www.vasavind.se\\\/en\\\/contact-us\\\/working-with-us\\\/#primaryimage\",\"url\":\"https:\\\/\\\/www.vasavind.se\\\/wp-content\\\/uploads\\\/2024\\\/05\\\/DSC08672-scaled.jpg\",\"contentUrl\":\"https:\\\/\\\/www.vasavind.se\\\/wp-content\\\/uploads\\\/2024\\\/05\\\/DSC08672-scaled.jpg\",\"width\":2560,\"height\":1707},{\"@type\":\"BreadcrumbList\",\"@id\":\"https:\\\/\\\/www.vasavind.se\\\/en\\\/contact-us\\\/working-with-us\\\/#breadcrumb\",\"itemListElement\":[{\"@type\":\"ListItem\",\"position\":1,\"name\":\"Hem\",\"item\":\"https:\\\/\\\/www.vasavind.se\\\/en\\\/vasa-vind\\\/\"},{\"@type\":\"ListItem\",\"position\":2,\"name\":\"Contact us\",\"item\":\"https:\\\/\\\/www.vasavind.se\\\/en\\\/contact-us\\\/\"},{\"@type\":\"ListItem\",\"position\":3,\"name\":\"Career\"}]},{\"@type\":\"WebSite\",\"@id\":\"https:\\\/\\\/www.vasavind.se\\\/#website\",\"url\":\"https:\\\/\\\/www.vasavind.se\\\/\",\"name\":\"Vasa Vind\",\"description\":\"F\u00f6rnybar energi f\u00f6r en h\u00e5llbar framtid\",\"publisher\":{\"@id\":\"https:\\\/\\\/www.vasavind.se\\\/#organization\"},\"potentialAction\":[{\"@type\":\"SearchAction\",\"target\":{\"@type\":\"EntryPoint\",\"urlTemplate\":\"https:\\\/\\\/www.vasavind.se\\\/?s={search_term_string}\"},\"query-input\":{\"@type\":\"PropertyValueSpecification\",\"valueRequired\":true,\"valueName\":\"search_term_string\"}}],\"inLanguage\":\"en-US\"},{\"@type\":\"Organization\",\"@id\":\"https:\\\/\\\/www.vasavind.se\\\/#organization\",\"name\":\"Vasa Vind\",\"url\":\"https:\\\/\\\/www.vasavind.se\\\/\",\"logo\":{\"@type\":\"ImageObject\",\"inLanguage\":\"en-US\",\"@id\":\"https:\\\/\\\/www.vasavind.se\\\/#\\\/schema\\\/logo\\\/image\\\/\",\"url\":\"https:\\\/\\\/www.vasavind.se\\\/wp-content\\\/uploads\\\/2023\\\/09\\\/vasavind.png\",\"contentUrl\":\"https:\\\/\\\/www.vasavind.se\\\/wp-content\\\/uploads\\\/2023\\\/09\\\/vasavind.png\",\"width\":1063,\"height\":368,\"caption\":\"Vasa Vind\"},\"image\":{\"@id\":\"https:\\\/\\\/www.vasavind.se\\\/#\\\/schema\\\/logo\\\/image\\\/\"}}]}<\/script>\n<!-- \/ Yoast SEO plugin. -->","yoast_head_json":{"title":"Career - Vasa Vind","robots":{"index":"index","follow":"follow","max-snippet":"max-snippet:-1","max-image-preview":"max-image-preview:large","max-video-preview":"max-video-preview:-1"},"canonical":"https:\/\/www.vasavind.se\/en\/contact-us\/working-with-us\/","og_locale":"en_US","og_type":"article","og_title":"Career - Vasa Vind","og_description":"Career Open positions at Vasa Vind Spontaneous applications Vasa Vind is growing and needs more committed employees.If you are interested in working with us, we are happy to accept spontaneous applications. If you are interested, please contact our CEO Mattias Sj\u00f6berg. mattias.sjoberg 070 618 69 76","og_url":"https:\/\/www.vasavind.se\/en\/contact-us\/working-with-us\/","og_site_name":"Vasa Vind","article_modified_time":"2023-12-12T08:20:42+00:00","og_image":[{"url":"https:\/\/www.vasavind.se\/wp-content\/uploads\/2023\/09\/Mattias-scaled.jpg","type":"","width":"","height":""}],"twitter_card":"summary_large_image","schema":{"@context":"https:\/\/schema.org","@graph":[{"@type":"WebPage","@id":"https:\/\/www.vasavind.se\/en\/contact-us\/working-with-us\/","url":"https:\/\/www.vasavind.se\/en\/contact-us\/working-with-us\/","name":"Career - Vasa Vind","isPartOf":{"@id":"https:\/\/www.vasavind.se\/#website"},"primaryImageOfPage":{"@id":"https:\/\/www.vasavind.se\/en\/contact-us\/working-with-us\/#primaryimage"},"image":{"@id":"https:\/\/www.vasavind.se\/en\/contact-us\/working-with-us\/#primaryimage"},"thumbnailUrl":"https:\/\/www.vasavind.se\/wp-content\/uploads\/2024\/05\/DSC08672-scaled.jpg","datePublished":"2023-09-25T10:31:13+00:00","dateModified":"2023-12-12T08:20:42+00:00","breadcrumb":{"@id":"https:\/\/www.vasavind.se\/en\/contact-us\/working-with-us\/#breadcrumb"},"inLanguage":"en-US","potentialAction":[{"@type":"ReadAction","target":["https:\/\/www.vasavind.se\/en\/contact-us\/working-with-us\/"]}]},{"@type":"ImageObject","inLanguage":"en-US","@id":"https:\/\/www.vasavind.se\/en\/contact-us\/working-with-us\/#primaryimage","url":"https:\/\/www.vasavind.se\/wp-content\/uploads\/2024\/05\/DSC08672-scaled.jpg","contentUrl":"https:\/\/www.vasavind.se\/wp-content\/uploads\/2024\/05\/DSC08672-scaled.jpg","width":2560,"height":1707},{"@type":"BreadcrumbList","@id":"https:\/\/www.vasavind.se\/en\/contact-us\/working-with-us\/#breadcrumb","itemListElement":[{"@type":"ListItem","position":1,"name":"Hem","item":"https:\/\/www.vasavind.se\/en\/vasa-vind\/"},{"@type":"ListItem","position":2,"name":"Contact us","item":"https:\/\/www.vasavind.se\/en\/contact-us\/"},{"@type":"ListItem","position":3,"name":"Career"}]},{"@type":"WebSite","@id":"https:\/\/www.vasavind.se\/#website","url":"https:\/\/www.vasavind.se\/","name":"Vasa Vind","description":"F\u00f6rnybar energi f\u00f6r en h\u00e5llbar framtid","publisher":{"@id":"https:\/\/www.vasavind.se\/#organization"},"potentialAction":[{"@type":"SearchAction","target":{"@type":"EntryPoint","urlTemplate":"https:\/\/www.vasavind.se\/?s={search_term_string}"},"query-input":{"@type":"PropertyValueSpecification","valueRequired":true,"valueName":"search_term_string"}}],"inLanguage":"en-US"},{"@type":"Organization","@id":"https:\/\/www.vasavind.se\/#organization","name":"Vasa Vind","url":"https:\/\/www.vasavind.se\/","logo":{"@type":"ImageObject","inLanguage":"en-US","@id":"https:\/\/www.vasavind.se\/#\/schema\/logo\/image\/","url":"https:\/\/www.vasavind.se\/wp-content\/uploads\/2023\/09\/vasavind.png","contentUrl":"https:\/\/www.vasavind.se\/wp-content\/uploads\/2023\/09\/vasavind.png","width":1063,"height":368,"caption":"Vasa Vind"},"image":{"@id":"https:\/\/www.vasavind.se\/#\/schema\/logo\/image\/"}}]}},"_links":{"self":[{"href":"https:\/\/www.vasavind.se\/en\/wp-json\/wp\/v2\/pages\/1909","targetHints":{"allow":["GET"]}}],"collection":[{"href":"https:\/\/www.vasavind.se\/en\/wp-json\/wp\/v2\/pages"}],"about":[{"href":"https:\/\/www.vasavind.se\/en\/wp-json\/wp\/v2\/types\/page"}],"author":[{"embeddable":true,"href":"https:\/\/www.vasavind.se\/en\/wp-json\/wp\/v2\/users\/1"}],"replies":[{"embeddable":true,"href":"https:\/\/www.vasavind.se\/en\/wp-json\/wp\/v2\/comments?post=1909"}],"version-history":[{"count":12,"href":"https:\/\/www.vasavind.se\/en\/wp-json\/wp\/v2\/pages\/1909\/revisions"}],"predecessor-version":[{"id":3092,"href":"https:\/\/www.vasavind.se\/en\/wp-json\/wp\/v2\/pages\/1909\/revisions\/3092"}],"up":[{"embeddable":true,"href":"https:\/\/www.vasavind.se\/en\/wp-json\/wp\/v2\/pages\/654"}],"wp:featuredmedia":[{"embeddable":true,"href":"https:\/\/www.vasavind.se\/en\/wp-json\/wp\/v2\/media\/4290"}],"wp:attachment":[{"href":"https:\/\/www.vasavind.se\/en\/wp-json\/wp\/v2\/media?parent=1909"}],"curies":[{"name":"wp","href":"https:\/\/api.w.org\/{rel}","templated":true}]}}